{"id":19817,"date":"2024-09-25T11:58:19","date_gmt":"2024-09-25T08:58:19","guid":{"rendered":"https:\/\/ronicy.net\/?post_type=product&#038;p=19817"},"modified":"2025-10-10T22:34:27","modified_gmt":"2025-10-10T19:34:27","slug":"premium-series-hdpe-soft-touch-bottle-hdpe00048","status":"publish","type":"product","link":"https:\/\/ronicy.net\/?product=premium-series-hdpe-soft-touch-bottle-hdpe00048","title":{"rendered":"Premium Series HDPE Soft Touch Bottle \u2013 HDPE00048"},"content":{"rendered":"<p>Marka: Ronicy Pack<br \/>\nKapasite: 250ml<br \/>\nRenk : Pantone Renklerinde \u00dcretim Yap\u0131labilir<br \/>\nHammadde: HDPE<br \/>\nA\u011f\u0131z \u00c7ap\u0131: 24 mm<br \/>\nKapak: Var \/ Flip-Top<br \/>\nSoft Touch : Yap\u0131labilir<br \/>\nMat Boya : Yap\u0131labilir<br \/>\nBask\u0131 : Yap\u0131labilir<\/p>\n<p>\u00dcr\u00fcnler sonradan boyanmamaktad\u0131r; renkleri do\u011frudan \u00fcretim a\u015famas\u0131nda kal\u0131ptan \u00e7\u0131kmaktad\u0131r.<\/p>\n<p>&nbsp;<\/p>\n<p><strong data-start=\"423\" data-end=\"438\">Ronicy Premium Pack<\/strong>, kozmetik ambalaj sekt\u00f6r\u00fcnde \u00fcst d\u00fczey \u00e7\u00f6z\u00fcmler sunarak markalar\u0131n estetik de\u011ferini, i\u015flevselli\u011fini ve fark edilirli\u011fini zirveye ta\u015f\u0131r. Geni\u015f \u00fcr\u00fcn yelpazesiyle Ronicy, CAM, PET, PETG, PP, HDPE ve PE gibi y\u00fcksek kaliteli malzemelerle \u00fcretilen kozmetik ambalaj \u015fi\u015feleri sayesinde hem l\u00fcks hem de s\u00fcrd\u00fcr\u00fclebilir bir deneyim sa\u011flar. Markan\u0131z\u0131n \u00fcr\u00fcnleri yaln\u0131zca performans\u0131yla de\u011fil, ayn\u0131 zamanda \u015f\u0131k ve zarif ambalaj tasar\u0131m\u0131yla da \u00f6ne \u00e7\u0131kar. Ronicy Pack, kozmetik ambalaj \u00fcretiminde kalite ve tasar\u0131m\u0131 bir araya getirerek, markalar\u0131n ihtiya\u00e7lar\u0131na \u00f6zel \u00e7\u00f6z\u00fcmler geli\u015ftirir. Plastik kozmetik ambalaj ve cam kozmetik ambalaj alan\u0131nda sundu\u011fu geni\u015f \u00fcr\u00fcn \u00e7e\u015fitlili\u011fi, farkl\u0131 segmentlerdeki markalar i\u00e7in profesyonel bir g\u00f6r\u00fcn\u00fcm sa\u011flar. Kullan\u0131lan y\u00fcksek kaliteli malzemeler, dayan\u0131kl\u0131l\u0131\u011f\u0131 estetik tasar\u0131mla birle\u015ftirirken \u00e7evre dostu ve uzun \u00f6m\u00fcrl\u00fc yap\u0131lar\u0131yla s\u00fcrd\u00fcr\u00fclebilirlik a\u00e7\u0131s\u0131ndan da \u00f6ne \u00e7\u0131kar. Ronicy Pack\u2019in sundu\u011fu premium kozmetik ambalaj \u00e7\u00f6z\u00fcmleri, farkl\u0131 ihtiya\u00e7lara uygun ergonomik ve estetik se\u00e7eneklerle gelir. \u0130ster flip-top kapakl\u0131, losyon pompal\u0131, dekoratif pompal\u0131, ister sprey ba\u015fl\u0131kl\u0131 kozmetik \u015fi\u015feler ar\u0131yor olun, markan\u0131z\u0131n profesyonel standartlar\u0131na uygun se\u00e7enekler her zaman haz\u0131rd\u0131r. 5 ml\u2019den 1000 ml\u2019ye kadar farkl\u0131 kapasitelerde \u00fcretilen bu kozmetik ambalaj \u00e7e\u015fitleri; krem, losyon, \u015fampuan, serum ve ki\u015fisel bak\u0131m \u00fcr\u00fcnleri i\u00e7in m\u00fckemmel bir tercihtir. Ronicy Pack, kozmetik ambalaj sekt\u00f6r\u00fcnde s\u00fcrd\u00fcr\u00fclebilir \u00fcretim anlay\u0131\u015f\u0131n\u0131 benimseyerek \u00e7evre dostu \u00e7\u00f6z\u00fcmler geli\u015ftirir. CAM, PET, PETG, PP, HDPE ve PE gibi malzemeler, hem y\u00fcksek kalite hem de geri d\u00f6n\u00fc\u015ft\u00fcr\u00fclebilir \u00f6zellikleriyle markalar\u0131n \u00e7evresel sorumluluk hedeflerine katk\u0131 sa\u011flar. Bu malzemeler, \u00fcr\u00fcnleri d\u0131\u015f etkenlerden korurken ayn\u0131 zamanda markan\u0131z\u0131 premium segmentteki rakiplerinden ay\u0131ran zarif bir g\u00f6r\u00fcn\u00fcm sunar. Ronicy Pack, sadece bug\u00fcn\u00fcn de\u011fil gelece\u011fin de ihtiya\u00e7lar\u0131na cevap veren yenilik\u00e7i kozmetik ambalaj \u00e7\u00f6z\u00fcmleri \u00fcretir. Kalite, tasar\u0131m ve s\u00fcrd\u00fcr\u00fclebilirli\u011fin m\u00fckemmel uyumunu sunan Ronicy Pack, \u00fcr\u00fcnlerinizi hem korur hem de markan\u0131z\u0131n de\u011ferini art\u0131r\u0131r. E\u011fer markan\u0131z\u0131 t\u00fcketicilere l\u00fcks, estetik ve profesyonel bir \u015fekilde sunmak istiyorsan\u0131z, Ronicy Pack\u2019in sundu\u011fu kozmetik ambalaj \u00e7\u00f6z\u00fcmleri en do\u011fru tercihtir. Uzmanl\u0131\u011f\u0131m\u0131z, sekt\u00f6r liderli\u011fimiz ve yenilik\u00e7i yakla\u015f\u0131m\u0131m\u0131z sayesinde \u00fcr\u00fcnlerinizin de\u011ferini y\u00fckselten ambalajlarla markan\u0131z\u0131 bir ad\u0131m \u00f6ne \u00e7\u0131kar\u0131n. Ronicy Pack ile kalite, tasar\u0131m, fonksiyonellik ve s\u00fcrd\u00fcr\u00fclebilirli\u011fi bir arada ke\u015ffedin.<\/p>\n","protected":false},"excerpt":{"rendered":"<p><strong>Marka:<\/strong>\u00a0Ronicy Pack<br \/>\n<strong>Kapasite:<\/strong> 250ml<br \/>\n<strong>Renk :<\/strong>\u00a0Pantone Renklerinde \u00dcretim Yap\u0131labilir<br \/>\n<strong>Hammadde:<\/strong>\u00a0HDPE<br \/>\n<strong>A\u011f\u0131z \u00c7ap\u0131:<\/strong>\u00a024 mm<br \/>\n<strong>Kapak:<\/strong>\u00a0Var \/ Flip-Top<br \/>\n<strong>Soft Touch:<\/strong>\u00a0Yap\u0131labilir<br \/>\n<strong>Mat Boya:<\/strong>\u00a0Yap\u0131labilir<br \/>\n<strong>Bask\u0131:<\/strong>\u00a0Yap\u0131labilir<\/p>\n","protected":false},"featured_media":19818,"comment_status":"open","ping_status":"closed","template":"","meta":[],"product_brand":[],"product_cat":[145,96,87],"product_tag":[],"class_list":{"0":"post-19817","1":"product","2":"type-product","3":"status-publish","4":"has-post-thumbnail","6":"product_cat-kozmetik","7":"product_cat-plasticbottle","8":"product_cat-softtouch","10":"first","11":"instock","12":"shipping-taxable","13":"product-type-simple","14":"add-to-wishlist-after_add_to_cart"},"yoast_head":"<!-- This site is optimized with the Yoast SEO plugin v27.4 - https:\/\/yoast.com\/product\/yoast-seo-wordpress\/ -->\n<title>Premium Series HDPE Soft Touch Bottle \u2013 HDPE00048 - Ronicy<\/title>\n<meta name=\"robots\" content=\"index, follow, max-snippet:-1, max-image-preview:large, max-video-preview:-1\" \/>\n<link rel=\"canonical\" href=\"https:\/\/ronicy.net\/?product=premium-series-hdpe-soft-touch-bottle-hdpe00048\" \/>\n<meta property=\"og:locale\" content=\"tr_TR\" \/>\n<meta property=\"og:type\" content=\"article\" \/>\n<meta property=\"og:title\" content=\"Premium Series HDPE Soft Touch Bottle \u2013 HDPE00048 - Ronicy\" \/>\n<meta property=\"og:description\" content=\"Marka:\u00a0Ronicy Pack Kapasite: 250ml Renk :\u00a0Pantone Renklerinde \u00dcretim Yap\u0131labilir Hammadde:\u00a0HDPE A\u011f\u0131z \u00c7ap\u0131:\u00a024 mm Kapak:\u00a0Var \/ Flip-Top Soft Touch:\u00a0Yap\u0131labilir Mat Boya:\u00a0Yap\u0131labilir Bask\u0131:\u00a0Yap\u0131labilir\" \/>\n<meta property=\"og:url\" content=\"https:\/\/ronicy.net\/?product=premium-series-hdpe-soft-touch-bottle-hdpe00048\" \/>\n<meta property=\"og:site_name\" content=\"Ronicy\" \/>\n<meta property=\"article:modified_time\" content=\"2025-10-10T19:34:27+00:00\" \/>\n<meta property=\"og:image\" content=\"https:\/\/ronicy.net\/wp-content\/uploads\/2024\/09\/HDPE00048.png\" \/>\n\t<meta property=\"og:image:width\" content=\"1080\" \/>\n\t<meta property=\"og:image:height\" content=\"1080\" \/>\n\t<meta property=\"og:image:type\" content=\"image\/png\" \/>\n<meta name=\"twitter:card\" content=\"summary_large_image\" \/>\n<meta name=\"twitter:label1\" content=\"Tahmini okuma s\u00fcresi\" \/>\n\t<meta name=\"twitter:data1\" content=\"3 dakika\" \/>\n<script type=\"application\/ld+json\" class=\"yoast-schema-graph\">{\"@context\":\"https:\\\/\\\/schema.org\",\"@graph\":[{\"@type\":\"WebPage\",\"@id\":\"https:\\\/\\\/ronicy.net\\\/?product=premium-series-hdpe-soft-touch-bottle-hdpe00048\",\"url\":\"https:\\\/\\\/ronicy.net\\\/?product=premium-series-hdpe-soft-touch-bottle-hdpe00048\",\"name\":\"Premium Series HDPE Soft Touch Bottle \u2013 HDPE00048 - Ronicy\",\"isPartOf\":{\"@id\":\"https:\\\/\\\/ronicy.net\\\/#website\"},\"primaryImageOfPage\":{\"@id\":\"https:\\\/\\\/ronicy.net\\\/?product=premium-series-hdpe-soft-touch-bottle-hdpe00048#primaryimage\"},\"image\":{\"@id\":\"https:\\\/\\\/ronicy.net\\\/?product=premium-series-hdpe-soft-touch-bottle-hdpe00048#primaryimage\"},\"thumbnailUrl\":\"https:\\\/\\\/ronicy.net\\\/wp-content\\\/uploads\\\/2024\\\/09\\\/HDPE00048.png\",\"datePublished\":\"2024-09-25T08:58:19+00:00\",\"dateModified\":\"2025-10-10T19:34:27+00:00\",\"breadcrumb\":{\"@id\":\"https:\\\/\\\/ronicy.net\\\/?product=premium-series-hdpe-soft-touch-bottle-hdpe00048#breadcrumb\"},\"inLanguage\":\"tr\",\"potentialAction\":[{\"@type\":\"ReadAction\",\"target\":[\"https:\\\/\\\/ronicy.net\\\/?product=premium-series-hdpe-soft-touch-bottle-hdpe00048\"]}]},{\"@type\":\"ImageObject\",\"inLanguage\":\"tr\",\"@id\":\"https:\\\/\\\/ronicy.net\\\/?product=premium-series-hdpe-soft-touch-bottle-hdpe00048#primaryimage\",\"url\":\"https:\\\/\\\/ronicy.net\\\/wp-content\\\/uploads\\\/2024\\\/09\\\/HDPE00048.png\",\"contentUrl\":\"https:\\\/\\\/ronicy.net\\\/wp-content\\\/uploads\\\/2024\\\/09\\\/HDPE00048.png\",\"width\":1080,\"height\":1080},{\"@type\":\"BreadcrumbList\",\"@id\":\"https:\\\/\\\/ronicy.net\\\/?product=premium-series-hdpe-soft-touch-bottle-hdpe00048#breadcrumb\",\"itemListElement\":[{\"@type\":\"ListItem\",\"position\":1,\"name\":\"Anasayfa\",\"item\":\"https:\\\/\\\/ronicy.net\\\/\"},{\"@type\":\"ListItem\",\"position\":2,\"name\":\"T\u00fcm \u00dcr\u00fcnler\",\"item\":\"https:\\\/\\\/ronicy.net\\\/?page_id=51\"},{\"@type\":\"ListItem\",\"position\":3,\"name\":\"Premium Series HDPE Soft Touch Bottle \u2013 HDPE00048\"}]},{\"@type\":\"WebSite\",\"@id\":\"https:\\\/\\\/ronicy.net\\\/#website\",\"url\":\"https:\\\/\\\/ronicy.net\\\/\",\"name\":\"Kozmetik Ambalaj \u00c7\u00f6z\u00fcmleri | Ronicy Premium Pack\",\"description\":\"Premium Segment Ambalaj \u00c7\u00f6z\u00fcmleri\",\"publisher\":{\"@id\":\"https:\\\/\\\/ronicy.net\\\/#organization\"},\"potentialAction\":[{\"@type\":\"SearchAction\",\"target\":{\"@type\":\"EntryPoint\",\"urlTemplate\":\"https:\\\/\\\/ronicy.net\\\/?s={search_term_string}\"},\"query-input\":{\"@type\":\"PropertyValueSpecification\",\"valueRequired\":true,\"valueName\":\"search_term_string\"}}],\"inLanguage\":\"tr\"},{\"@type\":\"Organization\",\"@id\":\"https:\\\/\\\/ronicy.net\\\/#organization\",\"name\":\"Ronicy Premium Pack\",\"url\":\"https:\\\/\\\/ronicy.net\\\/\",\"logo\":{\"@type\":\"ImageObject\",\"inLanguage\":\"tr\",\"@id\":\"https:\\\/\\\/ronicy.net\\\/#\\\/schema\\\/logo\\\/image\\\/\",\"url\":\"https:\\\/\\\/ronicy.net\\\/wp-content\\\/uploads\\\/2025\\\/10\\\/Ronicy-Logoo.jpg\",\"contentUrl\":\"https:\\\/\\\/ronicy.net\\\/wp-content\\\/uploads\\\/2025\\\/10\\\/Ronicy-Logoo.jpg\",\"width\":1000,\"height\":400,\"caption\":\"Ronicy Premium Pack\"},\"image\":{\"@id\":\"https:\\\/\\\/ronicy.net\\\/#\\\/schema\\\/logo\\\/image\\\/\"},\"sameAs\":[\"https:\\\/\\\/www.instagram.com\\\/ronicy_pack\\\/\"]}]}<\/script>\n<!-- \/ Yoast SEO plugin. -->","yoast_head_json":{"title":"Premium Series HDPE Soft Touch Bottle \u2013 HDPE00048 - Ronicy","robots":{"index":"index","follow":"follow","max-snippet":"max-snippet:-1","max-image-preview":"max-image-preview:large","max-video-preview":"max-video-preview:-1"},"canonical":"https:\/\/ronicy.net\/?product=premium-series-hdpe-soft-touch-bottle-hdpe00048","og_locale":"tr_TR","og_type":"article","og_title":"Premium Series HDPE Soft Touch Bottle \u2013 HDPE00048 - Ronicy","og_description":"Marka:\u00a0Ronicy Pack Kapasite: 250ml Renk :\u00a0Pantone Renklerinde \u00dcretim Yap\u0131labilir Hammadde:\u00a0HDPE A\u011f\u0131z \u00c7ap\u0131:\u00a024 mm Kapak:\u00a0Var \/ Flip-Top Soft Touch:\u00a0Yap\u0131labilir Mat Boya:\u00a0Yap\u0131labilir Bask\u0131:\u00a0Yap\u0131labilir","og_url":"https:\/\/ronicy.net\/?product=premium-series-hdpe-soft-touch-bottle-hdpe00048","og_site_name":"Ronicy","article_modified_time":"2025-10-10T19:34:27+00:00","og_image":[{"width":1080,"height":1080,"url":"https:\/\/ronicy.net\/wp-content\/uploads\/2024\/09\/HDPE00048.png","type":"image\/png"}],"twitter_card":"summary_large_image","twitter_misc":{"Tahmini okuma s\u00fcresi":"3 dakika"},"schema":{"@context":"https:\/\/schema.org","@graph":[{"@type":"WebPage","@id":"https:\/\/ronicy.net\/?product=premium-series-hdpe-soft-touch-bottle-hdpe00048","url":"https:\/\/ronicy.net\/?product=premium-series-hdpe-soft-touch-bottle-hdpe00048","name":"Premium Series HDPE Soft Touch Bottle \u2013 HDPE00048 - Ronicy","isPartOf":{"@id":"https:\/\/ronicy.net\/#website"},"primaryImageOfPage":{"@id":"https:\/\/ronicy.net\/?product=premium-series-hdpe-soft-touch-bottle-hdpe00048#primaryimage"},"image":{"@id":"https:\/\/ronicy.net\/?product=premium-series-hdpe-soft-touch-bottle-hdpe00048#primaryimage"},"thumbnailUrl":"https:\/\/ronicy.net\/wp-content\/uploads\/2024\/09\/HDPE00048.png","datePublished":"2024-09-25T08:58:19+00:00","dateModified":"2025-10-10T19:34:27+00:00","breadcrumb":{"@id":"https:\/\/ronicy.net\/?product=premium-series-hdpe-soft-touch-bottle-hdpe00048#breadcrumb"},"inLanguage":"tr","potentialAction":[{"@type":"ReadAction","target":["https:\/\/ronicy.net\/?product=premium-series-hdpe-soft-touch-bottle-hdpe00048"]}]},{"@type":"ImageObject","inLanguage":"tr","@id":"https:\/\/ronicy.net\/?product=premium-series-hdpe-soft-touch-bottle-hdpe00048#primaryimage","url":"https:\/\/ronicy.net\/wp-content\/uploads\/2024\/09\/HDPE00048.png","contentUrl":"https:\/\/ronicy.net\/wp-content\/uploads\/2024\/09\/HDPE00048.png","width":1080,"height":1080},{"@type":"BreadcrumbList","@id":"https:\/\/ronicy.net\/?product=premium-series-hdpe-soft-touch-bottle-hdpe00048#breadcrumb","itemListElement":[{"@type":"ListItem","position":1,"name":"Anasayfa","item":"https:\/\/ronicy.net\/"},{"@type":"ListItem","position":2,"name":"T\u00fcm \u00dcr\u00fcnler","item":"https:\/\/ronicy.net\/?page_id=51"},{"@type":"ListItem","position":3,"name":"Premium Series HDPE Soft Touch Bottle \u2013 HDPE00048"}]},{"@type":"WebSite","@id":"https:\/\/ronicy.net\/#website","url":"https:\/\/ronicy.net\/","name":"Kozmetik Ambalaj \u00c7\u00f6z\u00fcmleri | Ronicy Premium Pack","description":"Premium Segment Ambalaj \u00c7\u00f6z\u00fcmleri","publisher":{"@id":"https:\/\/ronicy.net\/#organization"},"potentialAction":[{"@type":"SearchAction","target":{"@type":"EntryPoint","urlTemplate":"https:\/\/ronicy.net\/?s={search_term_string}"},"query-input":{"@type":"PropertyValueSpecification","valueRequired":true,"valueName":"search_term_string"}}],"inLanguage":"tr"},{"@type":"Organization","@id":"https:\/\/ronicy.net\/#organization","name":"Ronicy Premium Pack","url":"https:\/\/ronicy.net\/","logo":{"@type":"ImageObject","inLanguage":"tr","@id":"https:\/\/ronicy.net\/#\/schema\/logo\/image\/","url":"https:\/\/ronicy.net\/wp-content\/uploads\/2025\/10\/Ronicy-Logoo.jpg","contentUrl":"https:\/\/ronicy.net\/wp-content\/uploads\/2025\/10\/Ronicy-Logoo.jpg","width":1000,"height":400,"caption":"Ronicy Premium Pack"},"image":{"@id":"https:\/\/ronicy.net\/#\/schema\/logo\/image\/"},"sameAs":["https:\/\/www.instagram.com\/ronicy_pack\/"]}]}},"_links":{"self":[{"href":"https:\/\/ronicy.net\/index.php?rest_route=\/wp\/v2\/product\/19817","targetHints":{"allow":["GET"]}}],"collection":[{"href":"https:\/\/ronicy.net\/index.php?rest_route=\/wp\/v2\/product"}],"about":[{"href":"https:\/\/ronicy.net\/index.php?rest_route=\/wp\/v2\/types\/product"}],"replies":[{"embeddable":true,"href":"https:\/\/ronicy.net\/index.php?rest_route=%2Fwp%2Fv2%2Fcomments&post=19817"}],"wp:featuredmedia":[{"embeddable":true,"href":"https:\/\/ronicy.net\/index.php?rest_route=\/wp\/v2\/media\/19818"}],"wp:attachment":[{"href":"https:\/\/ronicy.net\/index.php?rest_route=%2Fwp%2Fv2%2Fmedia&parent=19817"}],"wp:term":[{"taxonomy":"product_brand","embeddable":true,"href":"https:\/\/ronicy.net\/index.php?rest_route=%2Fwp%2Fv2%2Fproduct_brand&post=19817"},{"taxonomy":"product_cat","embeddable":true,"href":"https:\/\/ronicy.net\/index.php?rest_route=%2Fwp%2Fv2%2Fproduct_cat&post=19817"},{"taxonomy":"product_tag","embeddable":true,"href":"https:\/\/ronicy.net\/index.php?rest_route=%2Fwp%2Fv2%2Fproduct_tag&post=19817"}],"curies":[{"name":"wp","href":"https:\/\/api.w.org\/{rel}","templated":true}]}}