{"id":19763,"date":"2024-09-19T13:57:54","date_gmt":"2024-09-19T10:57:54","guid":{"rendered":"https:\/\/ronicy.net\/?post_type=product&#038;p=19763"},"modified":"2024-09-19T13:57:54","modified_gmt":"2024-09-19T10:57:54","slug":"premium-series-hdpe-soft-touch-bottle-hdpe00023","status":"publish","type":"product","link":"https:\/\/ronicy.net\/?product=premium-series-hdpe-soft-touch-bottle-hdpe00023","title":{"rendered":"Premium Series HDPE Soft Touch Bottle \u2013 HDPE00023"},"content":{"rendered":"<p>Marka: Ronicy Pack<br \/>\nKapasite: 200ml &#8211; 300ml &#8211; 500ml<br \/>\nRenk : Pantone Renklerinde \u00dcretim Yap\u0131labilir<br \/>\nHammadde: HDPE<br \/>\nA\u011f\u0131z \u00c7ap\u0131: 24 mm<br \/>\nKapak: Var \/ Flip-Top<br \/>\nSoft Touch : Yap\u0131labilir<br \/>\nMat Boya : Yap\u0131labilir<br \/>\nBask\u0131 : Yap\u0131labilir<\/p>\n<p>\u00dcr\u00fcnler sonradan boyanmamaktad\u0131r; renkleri do\u011frudan \u00fcretim a\u015famas\u0131nda kal\u0131ptan \u00e7\u0131kmaktad\u0131r.<\/p>\n<p>&nbsp;<\/p>\n<p>Ronicy Pack, kozmetik sekt\u00f6r\u00fcnde \u00fcst d\u00fczey ambalaj \u00e7\u00f6z\u00fcmleri sunarak markan\u0131z\u0131n i\u015flevselli\u011fini, estetik de\u011ferini ve fark edilirli\u011fini zirveye ta\u015f\u0131r. Geni\u015f bir malzeme yelpazesi sunan Ronicy, CAM, PET, PETG, HDPE, PE gibi y\u00fcksek kaliteli malzemelerle \u00fcretilen \u015fi\u015feleriyle, hem l\u00fcks hem de s\u00fcrd\u00fcr\u00fclebilir bir deneyim sa\u011flar. Markan\u0131z\u0131n \u00fcr\u00fcnleri, yaln\u0131zca performans\u0131yla de\u011fil, ayn\u0131 zamanda \u015f\u0131k ve zarif ambalaj tasar\u0131m\u0131yla da \u00f6ne \u00e7\u0131kar.<\/p>\n<p>Ronicy Pack&#8217;in sundu\u011fu premium \u00e7\u00f6z\u00fcmler, farkl\u0131 ihtiya\u00e7lara uygun geni\u015f bir \u00fcr\u00fcn yelpazesiyle gelir. \u0130ster flip-top kapakl\u0131, losyon pompal\u0131, dekoratif pompal\u0131 ister sprey ba\u015fl\u0131kl\u0131 kozmetik \u015fi\u015feler ar\u0131yor olun, markan\u0131z\u0131n profesyonel standartlar\u0131na uygun ergonomik ve estetik ambalaj se\u00e7enekleri her zaman haz\u0131rd\u0131r. 5 ml&#8217;den 1000 ml&#8217;ye kadar \u00e7e\u015fitli kapasitelerde sunulan bu ambalajlar, krem, losyon, \u015fampuan, serum gibi bir\u00e7ok ki\u015fisel bak\u0131m \u00fcr\u00fcn\u00fc i\u00e7in m\u00fckemmel bir tercihtir.<\/p>\n<p>\u00c7evre dostu ve uzun \u00f6m\u00fcrl\u00fc CAM, PET, PETG, HDPE ve PE malzemelerden \u00fcretilen bu ambalajlar, s\u00fcrd\u00fcr\u00fclebilirlik ve kalite aras\u0131nda m\u00fckemmel bir denge kurar. Ronicy Pack, markan\u0131z\u0131 sadece bug\u00fcn\u00fcn de\u011fil, gelece\u011fin de ihtiya\u00e7lar\u0131na haz\u0131rlayan yenilik\u00e7i \u00e7\u00f6z\u00fcmler sunar. Ambalajlar\u0131m\u0131z, \u00fcr\u00fcnlerinizi hem korur hem de premium segmentteki di\u011fer markalardan ay\u0131ran bir estetik ile sergiler.<\/p>\n<p>E\u011fer markan\u0131z\u0131n \u00fcr\u00fcnlerini t\u00fcketicilere benzersiz, l\u00fcks ve profesyonel bir \u015fekilde sunmak istiyorsan\u0131z, Ronicy Pack&#8217;in sundu\u011fu kozmetik ambalaj \u00e7\u00f6z\u00fcmleri en do\u011fru tercihtir. Uzmanl\u0131\u011f\u0131m\u0131z ve sekt\u00f6r liderli\u011fimiz sayesinde, \u00fcr\u00fcnlerinizin de\u011ferini art\u0131ran ambalaj \u00e7\u00f6z\u00fcmleriyle markan\u0131z\u0131 bir ad\u0131m \u00f6ne \u00e7\u0131kar\u0131n. Ronicy Pack ile, kalite, tasar\u0131m ve s\u00fcrd\u00fcr\u00fclebilirli\u011fin m\u00fckemmel uyumunu ke\u015ffedin.<\/p>\n","protected":false},"excerpt":{"rendered":"<p><strong>Marka:<\/strong>\u00a0Ronicy Pack<br \/>\n<strong>Kapasite:<\/strong> 200ml &#8211; 300ml &#8211; 500ml<br \/>\n<strong>Renk :<\/strong>\u00a0Pantone Renklerinde \u00dcretim Yap\u0131labilir<br \/>\n<strong>Hammadde:<\/strong>\u00a0HDPE<br \/>\n<strong>A\u011f\u0131z \u00c7ap\u0131:<\/strong>\u00a024 mm<br \/>\n<strong>Kapak:<\/strong>\u00a0Var \/ Flip-Top<br \/>\n<strong>Soft Touch:<\/strong>\u00a0Yap\u0131labilir<br \/>\n<strong>Mat Boya:<\/strong>\u00a0Yap\u0131labilir<br \/>\n<strong>Bask\u0131:<\/strong>\u00a0Yap\u0131labilir<\/p>\n","protected":false},"featured_media":19764,"comment_status":"open","ping_status":"closed","template":"","meta":[],"product_brand":[],"product_cat":[145,96,87],"product_tag":[],"class_list":{"0":"post-19763","1":"product","2":"type-product","3":"status-publish","4":"has-post-thumbnail","6":"product_cat-kozmetik","7":"product_cat-plasticbottle","8":"product_cat-softtouch","10":"first","11":"instock","12":"shipping-taxable","13":"product-type-simple","14":"add-to-wishlist-after_add_to_cart"},"yoast_head":"<!-- This site is optimized with the Yoast SEO plugin v27.4 - https:\/\/yoast.com\/product\/yoast-seo-wordpress\/ -->\n<title>Premium Series HDPE Soft Touch Bottle \u2013 HDPE00023 - Ronicy<\/title>\n<meta name=\"robots\" content=\"index, follow, max-snippet:-1, max-image-preview:large, max-video-preview:-1\" \/>\n<link rel=\"canonical\" href=\"https:\/\/ronicy.net\/?product=premium-series-hdpe-soft-touch-bottle-hdpe00023\" \/>\n<meta property=\"og:locale\" content=\"tr_TR\" \/>\n<meta property=\"og:type\" content=\"article\" \/>\n<meta property=\"og:title\" content=\"Premium Series HDPE Soft Touch Bottle \u2013 HDPE00023 - Ronicy\" \/>\n<meta property=\"og:description\" content=\"Marka:\u00a0Ronicy Pack Kapasite: 200ml - 300ml - 500ml Renk :\u00a0Pantone Renklerinde \u00dcretim Yap\u0131labilir Hammadde:\u00a0HDPE A\u011f\u0131z \u00c7ap\u0131:\u00a024 mm Kapak:\u00a0Var \/ Flip-Top Soft Touch:\u00a0Yap\u0131labilir Mat Boya:\u00a0Yap\u0131labilir Bask\u0131:\u00a0Yap\u0131labilir\" \/>\n<meta property=\"og:url\" content=\"https:\/\/ronicy.net\/?product=premium-series-hdpe-soft-touch-bottle-hdpe00023\" \/>\n<meta property=\"og:site_name\" content=\"Ronicy\" \/>\n<meta property=\"og:image\" content=\"https:\/\/ronicy.net\/wp-content\/uploads\/2024\/09\/HDPE00023.png\" \/>\n\t<meta property=\"og:image:width\" content=\"1080\" \/>\n\t<meta property=\"og:image:height\" content=\"1080\" \/>\n\t<meta property=\"og:image:type\" content=\"image\/png\" \/>\n<meta name=\"twitter:card\" content=\"summary_large_image\" \/>\n<meta name=\"twitter:label1\" content=\"Tahmini okuma s\u00fcresi\" \/>\n\t<meta name=\"twitter:data1\" content=\"2 dakika\" \/>\n<script type=\"application\/ld+json\" class=\"yoast-schema-graph\">{\"@context\":\"https:\\\/\\\/schema.org\",\"@graph\":[{\"@type\":\"WebPage\",\"@id\":\"https:\\\/\\\/ronicy.net\\\/?product=premium-series-hdpe-soft-touch-bottle-hdpe00023\",\"url\":\"https:\\\/\\\/ronicy.net\\\/?product=premium-series-hdpe-soft-touch-bottle-hdpe00023\",\"name\":\"Premium Series HDPE Soft Touch Bottle \u2013 HDPE00023 - Ronicy\",\"isPartOf\":{\"@id\":\"https:\\\/\\\/ronicy.net\\\/#website\"},\"primaryImageOfPage\":{\"@id\":\"https:\\\/\\\/ronicy.net\\\/?product=premium-series-hdpe-soft-touch-bottle-hdpe00023#primaryimage\"},\"image\":{\"@id\":\"https:\\\/\\\/ronicy.net\\\/?product=premium-series-hdpe-soft-touch-bottle-hdpe00023#primaryimage\"},\"thumbnailUrl\":\"https:\\\/\\\/ronicy.net\\\/wp-content\\\/uploads\\\/2024\\\/09\\\/HDPE00023.png\",\"datePublished\":\"2024-09-19T10:57:54+00:00\",\"breadcrumb\":{\"@id\":\"https:\\\/\\\/ronicy.net\\\/?product=premium-series-hdpe-soft-touch-bottle-hdpe00023#breadcrumb\"},\"inLanguage\":\"tr\",\"potentialAction\":[{\"@type\":\"ReadAction\",\"target\":[\"https:\\\/\\\/ronicy.net\\\/?product=premium-series-hdpe-soft-touch-bottle-hdpe00023\"]}]},{\"@type\":\"ImageObject\",\"inLanguage\":\"tr\",\"@id\":\"https:\\\/\\\/ronicy.net\\\/?product=premium-series-hdpe-soft-touch-bottle-hdpe00023#primaryimage\",\"url\":\"https:\\\/\\\/ronicy.net\\\/wp-content\\\/uploads\\\/2024\\\/09\\\/HDPE00023.png\",\"contentUrl\":\"https:\\\/\\\/ronicy.net\\\/wp-content\\\/uploads\\\/2024\\\/09\\\/HDPE00023.png\",\"width\":1080,\"height\":1080},{\"@type\":\"BreadcrumbList\",\"@id\":\"https:\\\/\\\/ronicy.net\\\/?product=premium-series-hdpe-soft-touch-bottle-hdpe00023#breadcrumb\",\"itemListElement\":[{\"@type\":\"ListItem\",\"position\":1,\"name\":\"Anasayfa\",\"item\":\"https:\\\/\\\/ronicy.net\\\/\"},{\"@type\":\"ListItem\",\"position\":2,\"name\":\"T\u00fcm \u00dcr\u00fcnler\",\"item\":\"https:\\\/\\\/ronicy.net\\\/?page_id=51\"},{\"@type\":\"ListItem\",\"position\":3,\"name\":\"Premium Series HDPE Soft Touch Bottle \u2013 HDPE00023\"}]},{\"@type\":\"WebSite\",\"@id\":\"https:\\\/\\\/ronicy.net\\\/#website\",\"url\":\"https:\\\/\\\/ronicy.net\\\/\",\"name\":\"Kozmetik Ambalaj \u00c7\u00f6z\u00fcmleri | Ronicy Premium Pack\",\"description\":\"Premium Segment Ambalaj \u00c7\u00f6z\u00fcmleri\",\"publisher\":{\"@id\":\"https:\\\/\\\/ronicy.net\\\/#organization\"},\"potentialAction\":[{\"@type\":\"SearchAction\",\"target\":{\"@type\":\"EntryPoint\",\"urlTemplate\":\"https:\\\/\\\/ronicy.net\\\/?s={search_term_string}\"},\"query-input\":{\"@type\":\"PropertyValueSpecification\",\"valueRequired\":true,\"valueName\":\"search_term_string\"}}],\"inLanguage\":\"tr\"},{\"@type\":\"Organization\",\"@id\":\"https:\\\/\\\/ronicy.net\\\/#organization\",\"name\":\"Ronicy Premium Pack\",\"url\":\"https:\\\/\\\/ronicy.net\\\/\",\"logo\":{\"@type\":\"ImageObject\",\"inLanguage\":\"tr\",\"@id\":\"https:\\\/\\\/ronicy.net\\\/#\\\/schema\\\/logo\\\/image\\\/\",\"url\":\"https:\\\/\\\/ronicy.net\\\/wp-content\\\/uploads\\\/2025\\\/10\\\/Ronicy-Logoo.jpg\",\"contentUrl\":\"https:\\\/\\\/ronicy.net\\\/wp-content\\\/uploads\\\/2025\\\/10\\\/Ronicy-Logoo.jpg\",\"width\":1000,\"height\":400,\"caption\":\"Ronicy Premium Pack\"},\"image\":{\"@id\":\"https:\\\/\\\/ronicy.net\\\/#\\\/schema\\\/logo\\\/image\\\/\"},\"sameAs\":[\"https:\\\/\\\/www.instagram.com\\\/ronicy_pack\\\/\"]}]}<\/script>\n<!-- \/ Yoast SEO plugin. -->","yoast_head_json":{"title":"Premium Series HDPE Soft Touch Bottle \u2013 HDPE00023 - Ronicy","robots":{"index":"index","follow":"follow","max-snippet":"max-snippet:-1","max-image-preview":"max-image-preview:large","max-video-preview":"max-video-preview:-1"},"canonical":"https:\/\/ronicy.net\/?product=premium-series-hdpe-soft-touch-bottle-hdpe00023","og_locale":"tr_TR","og_type":"article","og_title":"Premium Series HDPE Soft Touch Bottle \u2013 HDPE00023 - Ronicy","og_description":"Marka:\u00a0Ronicy Pack Kapasite: 200ml - 300ml - 500ml Renk :\u00a0Pantone Renklerinde \u00dcretim Yap\u0131labilir Hammadde:\u00a0HDPE A\u011f\u0131z \u00c7ap\u0131:\u00a024 mm Kapak:\u00a0Var \/ Flip-Top Soft Touch:\u00a0Yap\u0131labilir Mat Boya:\u00a0Yap\u0131labilir Bask\u0131:\u00a0Yap\u0131labilir","og_url":"https:\/\/ronicy.net\/?product=premium-series-hdpe-soft-touch-bottle-hdpe00023","og_site_name":"Ronicy","og_image":[{"width":1080,"height":1080,"url":"https:\/\/ronicy.net\/wp-content\/uploads\/2024\/09\/HDPE00023.png","type":"image\/png"}],"twitter_card":"summary_large_image","twitter_misc":{"Tahmini okuma s\u00fcresi":"2 dakika"},"schema":{"@context":"https:\/\/schema.org","@graph":[{"@type":"WebPage","@id":"https:\/\/ronicy.net\/?product=premium-series-hdpe-soft-touch-bottle-hdpe00023","url":"https:\/\/ronicy.net\/?product=premium-series-hdpe-soft-touch-bottle-hdpe00023","name":"Premium Series HDPE Soft Touch Bottle \u2013 HDPE00023 - Ronicy","isPartOf":{"@id":"https:\/\/ronicy.net\/#website"},"primaryImageOfPage":{"@id":"https:\/\/ronicy.net\/?product=premium-series-hdpe-soft-touch-bottle-hdpe00023#primaryimage"},"image":{"@id":"https:\/\/ronicy.net\/?product=premium-series-hdpe-soft-touch-bottle-hdpe00023#primaryimage"},"thumbnailUrl":"https:\/\/ronicy.net\/wp-content\/uploads\/2024\/09\/HDPE00023.png","datePublished":"2024-09-19T10:57:54+00:00","breadcrumb":{"@id":"https:\/\/ronicy.net\/?product=premium-series-hdpe-soft-touch-bottle-hdpe00023#breadcrumb"},"inLanguage":"tr","potentialAction":[{"@type":"ReadAction","target":["https:\/\/ronicy.net\/?product=premium-series-hdpe-soft-touch-bottle-hdpe00023"]}]},{"@type":"ImageObject","inLanguage":"tr","@id":"https:\/\/ronicy.net\/?product=premium-series-hdpe-soft-touch-bottle-hdpe00023#primaryimage","url":"https:\/\/ronicy.net\/wp-content\/uploads\/2024\/09\/HDPE00023.png","contentUrl":"https:\/\/ronicy.net\/wp-content\/uploads\/2024\/09\/HDPE00023.png","width":1080,"height":1080},{"@type":"BreadcrumbList","@id":"https:\/\/ronicy.net\/?product=premium-series-hdpe-soft-touch-bottle-hdpe00023#breadcrumb","itemListElement":[{"@type":"ListItem","position":1,"name":"Anasayfa","item":"https:\/\/ronicy.net\/"},{"@type":"ListItem","position":2,"name":"T\u00fcm \u00dcr\u00fcnler","item":"https:\/\/ronicy.net\/?page_id=51"},{"@type":"ListItem","position":3,"name":"Premium Series HDPE Soft Touch Bottle \u2013 HDPE00023"}]},{"@type":"WebSite","@id":"https:\/\/ronicy.net\/#website","url":"https:\/\/ronicy.net\/","name":"Kozmetik Ambalaj \u00c7\u00f6z\u00fcmleri | Ronicy Premium Pack","description":"Premium Segment Ambalaj \u00c7\u00f6z\u00fcmleri","publisher":{"@id":"https:\/\/ronicy.net\/#organization"},"potentialAction":[{"@type":"SearchAction","target":{"@type":"EntryPoint","urlTemplate":"https:\/\/ronicy.net\/?s={search_term_string}"},"query-input":{"@type":"PropertyValueSpecification","valueRequired":true,"valueName":"search_term_string"}}],"inLanguage":"tr"},{"@type":"Organization","@id":"https:\/\/ronicy.net\/#organization","name":"Ronicy Premium Pack","url":"https:\/\/ronicy.net\/","logo":{"@type":"ImageObject","inLanguage":"tr","@id":"https:\/\/ronicy.net\/#\/schema\/logo\/image\/","url":"https:\/\/ronicy.net\/wp-content\/uploads\/2025\/10\/Ronicy-Logoo.jpg","contentUrl":"https:\/\/ronicy.net\/wp-content\/uploads\/2025\/10\/Ronicy-Logoo.jpg","width":1000,"height":400,"caption":"Ronicy Premium Pack"},"image":{"@id":"https:\/\/ronicy.net\/#\/schema\/logo\/image\/"},"sameAs":["https:\/\/www.instagram.com\/ronicy_pack\/"]}]}},"_links":{"self":[{"href":"https:\/\/ronicy.net\/index.php?rest_route=\/wp\/v2\/product\/19763","targetHints":{"allow":["GET"]}}],"collection":[{"href":"https:\/\/ronicy.net\/index.php?rest_route=\/wp\/v2\/product"}],"about":[{"href":"https:\/\/ronicy.net\/index.php?rest_route=\/wp\/v2\/types\/product"}],"replies":[{"embeddable":true,"href":"https:\/\/ronicy.net\/index.php?rest_route=%2Fwp%2Fv2%2Fcomments&post=19763"}],"wp:featuredmedia":[{"embeddable":true,"href":"https:\/\/ronicy.net\/index.php?rest_route=\/wp\/v2\/media\/19764"}],"wp:attachment":[{"href":"https:\/\/ronicy.net\/index.php?rest_route=%2Fwp%2Fv2%2Fmedia&parent=19763"}],"wp:term":[{"taxonomy":"product_brand","embeddable":true,"href":"https:\/\/ronicy.net\/index.php?rest_route=%2Fwp%2Fv2%2Fproduct_brand&post=19763"},{"taxonomy":"product_cat","embeddable":true,"href":"https:\/\/ronicy.net\/index.php?rest_route=%2Fwp%2Fv2%2Fproduct_cat&post=19763"},{"taxonomy":"product_tag","embeddable":true,"href":"https:\/\/ronicy.net\/index.php?rest_route=%2Fwp%2Fv2%2Fproduct_tag&post=19763"}],"curies":[{"name":"wp","href":"https:\/\/api.w.org\/{rel}","templated":true}]}}