{"id":19692,"date":"2024-02-18T21:47:29","date_gmt":"2024-02-18T18:47:29","guid":{"rendered":"https:\/\/ronicy.net\/?post_type=product&#038;p=19692"},"modified":"2024-02-18T21:47:29","modified_gmt":"2024-02-18T18:47:29","slug":"trigger-sprayer-tetikli-sprey-_-rn-trg-00003","status":"publish","type":"product","link":"https:\/\/ronicy.net\/?product=trigger-sprayer-tetikli-sprey-_-rn-trg-00003","title":{"rendered":"Trigger Sprayer \/ Tetikli Sprey _ RN-TRG-00003"},"content":{"rendered":"<div>\n<p><strong>\u00d6l\u00e7\u00fc :<\/strong><span class=\"apple-converted-space\"><b>\u00a0<\/b><\/span>28\/400 &#8211; 28\/410 &#8211; 24\/415<\/p>\n<\/div>\n<div>\n<p><strong>Renk :<\/strong>\u00a0\u0130stenilen Renk \u00dcretilebilir<\/p>\n<\/div>\n","protected":false},"excerpt":{"rendered":"<div>\n<p><strong>\u00d6l\u00e7\u00fc :<\/strong><span class=\"apple-converted-space\"><b>\u00a0<\/b><\/span>28\/400 &#8211; 28\/410 &#8211; 24\/415<\/p>\n<\/div>\n<div>\n<p><strong>Renk :<\/strong>\u00a0\u0130stenilen Renk \u00dcretilebilir<\/p>\n<\/div>\n","protected":false},"featured_media":19693,"comment_status":"open","ping_status":"closed","template":"","meta":[],"product_brand":[],"product_cat":[145,97],"product_tag":[],"class_list":{"0":"post-19692","1":"product","2":"type-product","3":"status-publish","4":"has-post-thumbnail","6":"product_cat-kozmetik","7":"product_cat-sprayer","9":"first","10":"instock","11":"shipping-taxable","12":"product-type-simple","13":"add-to-wishlist-after_add_to_cart"},"yoast_head":"<!-- This site is optimized with the Yoast SEO plugin v27.4 - https:\/\/yoast.com\/product\/yoast-seo-wordpress\/ -->\n<title>Trigger Sprayer \/ Tetikli Sprey _ RN-TRG-00003 - Ronicy<\/title>\n<meta name=\"robots\" content=\"index, follow, max-snippet:-1, max-image-preview:large, max-video-preview:-1\" \/>\n<link rel=\"canonical\" href=\"https:\/\/ronicy.net\/?product=trigger-sprayer-tetikli-sprey-_-rn-trg-00003\" \/>\n<meta property=\"og:locale\" content=\"tr_TR\" \/>\n<meta property=\"og:type\" content=\"article\" \/>\n<meta property=\"og:title\" content=\"Trigger Sprayer \/ Tetikli Sprey _ RN-TRG-00003 - Ronicy\" \/>\n<meta property=\"og:description\" content=\"\u00d6l\u00e7\u00fc :\u00a028\/400 - 28\/410 - 24\/415     Renk :\u00a0\u0130stenilen Renk \u00dcretilebilir\" \/>\n<meta property=\"og:url\" content=\"https:\/\/ronicy.net\/?product=trigger-sprayer-tetikli-sprey-_-rn-trg-00003\" \/>\n<meta property=\"og:site_name\" content=\"Ronicy\" \/>\n<meta property=\"og:image\" content=\"https:\/\/ronicy.net\/wp-content\/uploads\/2024\/02\/Ronicy-trigger-sprayer-sprey-8.jpg\" \/>\n\t<meta property=\"og:image:width\" content=\"810\" \/>\n\t<meta property=\"og:image:height\" content=\"810\" \/>\n\t<meta property=\"og:image:type\" content=\"image\/jpeg\" \/>\n<meta name=\"twitter:card\" content=\"summary_large_image\" \/>\n<script type=\"application\/ld+json\" class=\"yoast-schema-graph\">{\"@context\":\"https:\\\/\\\/schema.org\",\"@graph\":[{\"@type\":\"WebPage\",\"@id\":\"https:\\\/\\\/ronicy.net\\\/?product=trigger-sprayer-tetikli-sprey-_-rn-trg-00003\",\"url\":\"https:\\\/\\\/ronicy.net\\\/?product=trigger-sprayer-tetikli-sprey-_-rn-trg-00003\",\"name\":\"Trigger Sprayer \\\/ Tetikli Sprey _ RN-TRG-00003 - Ronicy\",\"isPartOf\":{\"@id\":\"https:\\\/\\\/ronicy.net\\\/#website\"},\"primaryImageOfPage\":{\"@id\":\"https:\\\/\\\/ronicy.net\\\/?product=trigger-sprayer-tetikli-sprey-_-rn-trg-00003#primaryimage\"},\"image\":{\"@id\":\"https:\\\/\\\/ronicy.net\\\/?product=trigger-sprayer-tetikli-sprey-_-rn-trg-00003#primaryimage\"},\"thumbnailUrl\":\"https:\\\/\\\/ronicy.net\\\/wp-content\\\/uploads\\\/2024\\\/02\\\/Ronicy-trigger-sprayer-sprey-8.jpg\",\"datePublished\":\"2024-02-18T18:47:29+00:00\",\"breadcrumb\":{\"@id\":\"https:\\\/\\\/ronicy.net\\\/?product=trigger-sprayer-tetikli-sprey-_-rn-trg-00003#breadcrumb\"},\"inLanguage\":\"tr\",\"potentialAction\":[{\"@type\":\"ReadAction\",\"target\":[\"https:\\\/\\\/ronicy.net\\\/?product=trigger-sprayer-tetikli-sprey-_-rn-trg-00003\"]}]},{\"@type\":\"ImageObject\",\"inLanguage\":\"tr\",\"@id\":\"https:\\\/\\\/ronicy.net\\\/?product=trigger-sprayer-tetikli-sprey-_-rn-trg-00003#primaryimage\",\"url\":\"https:\\\/\\\/ronicy.net\\\/wp-content\\\/uploads\\\/2024\\\/02\\\/Ronicy-trigger-sprayer-sprey-8.jpg\",\"contentUrl\":\"https:\\\/\\\/ronicy.net\\\/wp-content\\\/uploads\\\/2024\\\/02\\\/Ronicy-trigger-sprayer-sprey-8.jpg\",\"width\":810,\"height\":810},{\"@type\":\"BreadcrumbList\",\"@id\":\"https:\\\/\\\/ronicy.net\\\/?product=trigger-sprayer-tetikli-sprey-_-rn-trg-00003#breadcrumb\",\"itemListElement\":[{\"@type\":\"ListItem\",\"position\":1,\"name\":\"Anasayfa\",\"item\":\"https:\\\/\\\/ronicy.net\\\/\"},{\"@type\":\"ListItem\",\"position\":2,\"name\":\"T\u00fcm \u00dcr\u00fcnler\",\"item\":\"https:\\\/\\\/ronicy.net\\\/?page_id=51\"},{\"@type\":\"ListItem\",\"position\":3,\"name\":\"Trigger Sprayer \\\/ Tetikli Sprey _ RN-TRG-00003\"}]},{\"@type\":\"WebSite\",\"@id\":\"https:\\\/\\\/ronicy.net\\\/#website\",\"url\":\"https:\\\/\\\/ronicy.net\\\/\",\"name\":\"Kozmetik Ambalaj \u00c7\u00f6z\u00fcmleri | Ronicy Premium Pack\",\"description\":\"Premium Segment Ambalaj \u00c7\u00f6z\u00fcmleri\",\"publisher\":{\"@id\":\"https:\\\/\\\/ronicy.net\\\/#organization\"},\"potentialAction\":[{\"@type\":\"SearchAction\",\"target\":{\"@type\":\"EntryPoint\",\"urlTemplate\":\"https:\\\/\\\/ronicy.net\\\/?s={search_term_string}\"},\"query-input\":{\"@type\":\"PropertyValueSpecification\",\"valueRequired\":true,\"valueName\":\"search_term_string\"}}],\"inLanguage\":\"tr\"},{\"@type\":\"Organization\",\"@id\":\"https:\\\/\\\/ronicy.net\\\/#organization\",\"name\":\"Ronicy Premium Pack\",\"url\":\"https:\\\/\\\/ronicy.net\\\/\",\"logo\":{\"@type\":\"ImageObject\",\"inLanguage\":\"tr\",\"@id\":\"https:\\\/\\\/ronicy.net\\\/#\\\/schema\\\/logo\\\/image\\\/\",\"url\":\"https:\\\/\\\/ronicy.net\\\/wp-content\\\/uploads\\\/2025\\\/10\\\/Ronicy-Logoo.jpg\",\"contentUrl\":\"https:\\\/\\\/ronicy.net\\\/wp-content\\\/uploads\\\/2025\\\/10\\\/Ronicy-Logoo.jpg\",\"width\":1000,\"height\":400,\"caption\":\"Ronicy Premium Pack\"},\"image\":{\"@id\":\"https:\\\/\\\/ronicy.net\\\/#\\\/schema\\\/logo\\\/image\\\/\"},\"sameAs\":[\"https:\\\/\\\/www.instagram.com\\\/ronicy_pack\\\/\"]}]}<\/script>\n<!-- \/ Yoast SEO plugin. -->","yoast_head_json":{"title":"Trigger Sprayer \/ Tetikli Sprey _ RN-TRG-00003 - Ronicy","robots":{"index":"index","follow":"follow","max-snippet":"max-snippet:-1","max-image-preview":"max-image-preview:large","max-video-preview":"max-video-preview:-1"},"canonical":"https:\/\/ronicy.net\/?product=trigger-sprayer-tetikli-sprey-_-rn-trg-00003","og_locale":"tr_TR","og_type":"article","og_title":"Trigger Sprayer \/ Tetikli Sprey _ RN-TRG-00003 - Ronicy","og_description":"\u00d6l\u00e7\u00fc :\u00a028\/400 - 28\/410 - 24\/415     Renk :\u00a0\u0130stenilen Renk \u00dcretilebilir","og_url":"https:\/\/ronicy.net\/?product=trigger-sprayer-tetikli-sprey-_-rn-trg-00003","og_site_name":"Ronicy","og_image":[{"width":810,"height":810,"url":"https:\/\/ronicy.net\/wp-content\/uploads\/2024\/02\/Ronicy-trigger-sprayer-sprey-8.jpg","type":"image\/jpeg"}],"twitter_card":"summary_large_image","schema":{"@context":"https:\/\/schema.org","@graph":[{"@type":"WebPage","@id":"https:\/\/ronicy.net\/?product=trigger-sprayer-tetikli-sprey-_-rn-trg-00003","url":"https:\/\/ronicy.net\/?product=trigger-sprayer-tetikli-sprey-_-rn-trg-00003","name":"Trigger Sprayer \/ Tetikli Sprey _ RN-TRG-00003 - Ronicy","isPartOf":{"@id":"https:\/\/ronicy.net\/#website"},"primaryImageOfPage":{"@id":"https:\/\/ronicy.net\/?product=trigger-sprayer-tetikli-sprey-_-rn-trg-00003#primaryimage"},"image":{"@id":"https:\/\/ronicy.net\/?product=trigger-sprayer-tetikli-sprey-_-rn-trg-00003#primaryimage"},"thumbnailUrl":"https:\/\/ronicy.net\/wp-content\/uploads\/2024\/02\/Ronicy-trigger-sprayer-sprey-8.jpg","datePublished":"2024-02-18T18:47:29+00:00","breadcrumb":{"@id":"https:\/\/ronicy.net\/?product=trigger-sprayer-tetikli-sprey-_-rn-trg-00003#breadcrumb"},"inLanguage":"tr","potentialAction":[{"@type":"ReadAction","target":["https:\/\/ronicy.net\/?product=trigger-sprayer-tetikli-sprey-_-rn-trg-00003"]}]},{"@type":"ImageObject","inLanguage":"tr","@id":"https:\/\/ronicy.net\/?product=trigger-sprayer-tetikli-sprey-_-rn-trg-00003#primaryimage","url":"https:\/\/ronicy.net\/wp-content\/uploads\/2024\/02\/Ronicy-trigger-sprayer-sprey-8.jpg","contentUrl":"https:\/\/ronicy.net\/wp-content\/uploads\/2024\/02\/Ronicy-trigger-sprayer-sprey-8.jpg","width":810,"height":810},{"@type":"BreadcrumbList","@id":"https:\/\/ronicy.net\/?product=trigger-sprayer-tetikli-sprey-_-rn-trg-00003#breadcrumb","itemListElement":[{"@type":"ListItem","position":1,"name":"Anasayfa","item":"https:\/\/ronicy.net\/"},{"@type":"ListItem","position":2,"name":"T\u00fcm \u00dcr\u00fcnler","item":"https:\/\/ronicy.net\/?page_id=51"},{"@type":"ListItem","position":3,"name":"Trigger Sprayer \/ Tetikli Sprey _ RN-TRG-00003"}]},{"@type":"WebSite","@id":"https:\/\/ronicy.net\/#website","url":"https:\/\/ronicy.net\/","name":"Kozmetik Ambalaj \u00c7\u00f6z\u00fcmleri | Ronicy Premium Pack","description":"Premium Segment Ambalaj \u00c7\u00f6z\u00fcmleri","publisher":{"@id":"https:\/\/ronicy.net\/#organization"},"potentialAction":[{"@type":"SearchAction","target":{"@type":"EntryPoint","urlTemplate":"https:\/\/ronicy.net\/?s={search_term_string}"},"query-input":{"@type":"PropertyValueSpecification","valueRequired":true,"valueName":"search_term_string"}}],"inLanguage":"tr"},{"@type":"Organization","@id":"https:\/\/ronicy.net\/#organization","name":"Ronicy Premium Pack","url":"https:\/\/ronicy.net\/","logo":{"@type":"ImageObject","inLanguage":"tr","@id":"https:\/\/ronicy.net\/#\/schema\/logo\/image\/","url":"https:\/\/ronicy.net\/wp-content\/uploads\/2025\/10\/Ronicy-Logoo.jpg","contentUrl":"https:\/\/ronicy.net\/wp-content\/uploads\/2025\/10\/Ronicy-Logoo.jpg","width":1000,"height":400,"caption":"Ronicy Premium Pack"},"image":{"@id":"https:\/\/ronicy.net\/#\/schema\/logo\/image\/"},"sameAs":["https:\/\/www.instagram.com\/ronicy_pack\/"]}]}},"_links":{"self":[{"href":"https:\/\/ronicy.net\/index.php?rest_route=\/wp\/v2\/product\/19692","targetHints":{"allow":["GET"]}}],"collection":[{"href":"https:\/\/ronicy.net\/index.php?rest_route=\/wp\/v2\/product"}],"about":[{"href":"https:\/\/ronicy.net\/index.php?rest_route=\/wp\/v2\/types\/product"}],"replies":[{"embeddable":true,"href":"https:\/\/ronicy.net\/index.php?rest_route=%2Fwp%2Fv2%2Fcomments&post=19692"}],"wp:featuredmedia":[{"embeddable":true,"href":"https:\/\/ronicy.net\/index.php?rest_route=\/wp\/v2\/media\/19693"}],"wp:attachment":[{"href":"https:\/\/ronicy.net\/index.php?rest_route=%2Fwp%2Fv2%2Fmedia&parent=19692"}],"wp:term":[{"taxonomy":"product_brand","embeddable":true,"href":"https:\/\/ronicy.net\/index.php?rest_route=%2Fwp%2Fv2%2Fproduct_brand&post=19692"},{"taxonomy":"product_cat","embeddable":true,"href":"https:\/\/ronicy.net\/index.php?rest_route=%2Fwp%2Fv2%2Fproduct_cat&post=19692"},{"taxonomy":"product_tag","embeddable":true,"href":"https:\/\/ronicy.net\/index.php?rest_route=%2Fwp%2Fv2%2Fproduct_tag&post=19692"}],"curies":[{"name":"wp","href":"https:\/\/api.w.org\/{rel}","templated":true}]}}