{"id":19561,"date":"2023-08-18T22:15:51","date_gmt":"2023-08-18T19:15:51","guid":{"rendered":"http:\/\/ronicy.net\/?post_type=product&#038;p=19561"},"modified":"2023-09-13T22:22:31","modified_gmt":"2023-09-13T19:22:31","slug":"dispenser-pompa-losyon-pompa-rn00032","status":"publish","type":"product","link":"https:\/\/ronicy.net\/?product=dispenser-pompa-losyon-pompa-rn00032","title":{"rendered":"Dispenser Pompa \/ Losyon Pompa &#8211; RN00032"},"content":{"rendered":"<p>Fiyat ve \u00dcr\u00fcn Temin S\u00fcreleri \u0130\u00e7in L\u00fctfen \u0130leti\u015fime Ge\u00e7iniz<\/p>\n<p><img fetchpriority=\"high\" decoding=\"async\" class=\"alignnone size-full wp-image-19527\" src=\"https:\/\/ronicy.net\/wp-content\/uploads\/2023\/08\/ronicy-lotion-dispenser-pump-32.png\" alt=\"\" width=\"1080\" height=\"1080\" srcset=\"https:\/\/ronicy.net\/wp-content\/uploads\/2023\/08\/ronicy-lotion-dispenser-pump-32.png 1080w, https:\/\/ronicy.net\/wp-content\/uploads\/2023\/08\/ronicy-lotion-dispenser-pump-32-300x300.png 300w, https:\/\/ronicy.net\/wp-content\/uploads\/2023\/08\/ronicy-lotion-dispenser-pump-32-1024x1024.png 1024w, https:\/\/ronicy.net\/wp-content\/uploads\/2023\/08\/ronicy-lotion-dispenser-pump-32-150x150.png 150w, https:\/\/ronicy.net\/wp-content\/uploads\/2023\/08\/ronicy-lotion-dispenser-pump-32-768x768.png 768w, https:\/\/ronicy.net\/wp-content\/uploads\/2023\/08\/ronicy-lotion-dispenser-pump-32-600x600.png 600w, https:\/\/ronicy.net\/wp-content\/uploads\/2023\/08\/ronicy-lotion-dispenser-pump-32-120x120.png 120w, https:\/\/ronicy.net\/wp-content\/uploads\/2023\/08\/ronicy-lotion-dispenser-pump-32-450x450.png 450w, https:\/\/ronicy.net\/wp-content\/uploads\/2023\/08\/ronicy-lotion-dispenser-pump-32-100x100.png 100w, https:\/\/ronicy.net\/wp-content\/uploads\/2023\/08\/ronicy-lotion-dispenser-pump-32-46x46.png 46w, https:\/\/ronicy.net\/wp-content\/uploads\/2023\/08\/ronicy-lotion-dispenser-pump-32-700x700.png 700w\" sizes=\"(max-width: 1080px) 100vw, 1080px\" \/><\/p>\n","protected":false},"excerpt":{"rendered":"<ul>\n<li>\u00c7ap \/ \u00d6l\u00e7\u00fc : \u03c624\/410, \u03c624\/415, \u03c628\/400, \u03c628\/410, \u03c628\/415, \u03c633\/410<\/li>\n<li>Standart dozaj hacimleri: 1.80+\/-0.20 ML<\/li>\n<li>Y\u00fcks\u00fck : P\u00fcr\u00fczs\u00fcz \/ Yivli \/ Al\u00fcminyum<\/li>\n<li>Renk : \u0130stenilen Renk \u00dcretim Yap\u0131labilir<\/li>\n<li>Sa\u011f-Sol \u00c7evirmeli Vidal\u0131 Kilit Sistemi<\/li>\n<li>Hammadde : PP<\/li>\n<\/ul>\n","protected":false},"featured_media":19527,"comment_status":"open","ping_status":"closed","template":"","meta":[],"product_brand":[],"product_cat":[71,145,91],"product_tag":[],"class_list":{"0":"post-19561","1":"product","2":"type-product","3":"status-publish","4":"has-post-thumbnail","6":"product_cat-dispanser","7":"product_cat-kozmetik","8":"product_cat-losyon","10":"first","11":"instock","12":"shipping-taxable","13":"product-type-simple","14":"add-to-wishlist-after_add_to_cart"},"yoast_head":"<!-- This site is optimized with the Yoast SEO plugin v27.4 - https:\/\/yoast.com\/product\/yoast-seo-wordpress\/ -->\n<title>Dispenser Pompa \/ Losyon Pompa - RN00032 - Ronicy<\/title>\n<meta name=\"robots\" content=\"index, follow, max-snippet:-1, max-image-preview:large, max-video-preview:-1\" \/>\n<link rel=\"canonical\" href=\"https:\/\/ronicy.net\/?product=dispenser-pompa-losyon-pompa-rn00032\" \/>\n<meta property=\"og:locale\" content=\"tr_TR\" \/>\n<meta property=\"og:type\" content=\"article\" \/>\n<meta property=\"og:title\" content=\"Dispenser Pompa \/ Losyon Pompa - RN00032 - Ronicy\" \/>\n<meta property=\"og:description\" content=\"\u00c7ap \/ \u00d6l\u00e7\u00fc : \u03c624\/410, \u03c624\/415, \u03c628\/400, \u03c628\/410, \u03c628\/415, \u03c633\/410  Standart dozaj hacimleri: 1.80+\/-0.20 ML  Y\u00fcks\u00fck : P\u00fcr\u00fczs\u00fcz \/ Yivli \/ Al\u00fcminyum  Renk : \u0130stenilen Renk \u00dcretim Yap\u0131labilir  Sa\u011f-Sol \u00c7evirmeli Vidal\u0131 Kilit Sistemi  Hammadde : PP\" \/>\n<meta property=\"og:url\" content=\"https:\/\/ronicy.net\/?product=dispenser-pompa-losyon-pompa-rn00032\" \/>\n<meta property=\"og:site_name\" content=\"Ronicy\" \/>\n<meta property=\"article:modified_time\" content=\"2023-09-13T19:22:31+00:00\" \/>\n<meta property=\"og:image\" content=\"https:\/\/ronicy.net\/wp-content\/uploads\/2023\/08\/ronicy-lotion-dispenser-pump-32.png\" \/>\n\t<meta property=\"og:image:width\" content=\"1080\" \/>\n\t<meta property=\"og:image:height\" content=\"1080\" \/>\n\t<meta property=\"og:image:type\" content=\"image\/png\" \/>\n<meta name=\"twitter:card\" content=\"summary_large_image\" \/>\n<script type=\"application\/ld+json\" class=\"yoast-schema-graph\">{\"@context\":\"https:\\\/\\\/schema.org\",\"@graph\":[{\"@type\":\"WebPage\",\"@id\":\"https:\\\/\\\/ronicy.net\\\/?product=dispenser-pompa-losyon-pompa-rn00032\",\"url\":\"https:\\\/\\\/ronicy.net\\\/?product=dispenser-pompa-losyon-pompa-rn00032\",\"name\":\"Dispenser Pompa \\\/ Losyon Pompa - RN00032 - Ronicy\",\"isPartOf\":{\"@id\":\"https:\\\/\\\/ronicy.net\\\/#website\"},\"primaryImageOfPage\":{\"@id\":\"https:\\\/\\\/ronicy.net\\\/?product=dispenser-pompa-losyon-pompa-rn00032#primaryimage\"},\"image\":{\"@id\":\"https:\\\/\\\/ronicy.net\\\/?product=dispenser-pompa-losyon-pompa-rn00032#primaryimage\"},\"thumbnailUrl\":\"https:\\\/\\\/ronicy.net\\\/wp-content\\\/uploads\\\/2023\\\/08\\\/ronicy-lotion-dispenser-pump-32.png\",\"datePublished\":\"2023-08-18T19:15:51+00:00\",\"dateModified\":\"2023-09-13T19:22:31+00:00\",\"breadcrumb\":{\"@id\":\"https:\\\/\\\/ronicy.net\\\/?product=dispenser-pompa-losyon-pompa-rn00032#breadcrumb\"},\"inLanguage\":\"tr\",\"potentialAction\":[{\"@type\":\"ReadAction\",\"target\":[\"https:\\\/\\\/ronicy.net\\\/?product=dispenser-pompa-losyon-pompa-rn00032\"]}]},{\"@type\":\"ImageObject\",\"inLanguage\":\"tr\",\"@id\":\"https:\\\/\\\/ronicy.net\\\/?product=dispenser-pompa-losyon-pompa-rn00032#primaryimage\",\"url\":\"https:\\\/\\\/ronicy.net\\\/wp-content\\\/uploads\\\/2023\\\/08\\\/ronicy-lotion-dispenser-pump-32.png\",\"contentUrl\":\"https:\\\/\\\/ronicy.net\\\/wp-content\\\/uploads\\\/2023\\\/08\\\/ronicy-lotion-dispenser-pump-32.png\",\"width\":1080,\"height\":1080},{\"@type\":\"BreadcrumbList\",\"@id\":\"https:\\\/\\\/ronicy.net\\\/?product=dispenser-pompa-losyon-pompa-rn00032#breadcrumb\",\"itemListElement\":[{\"@type\":\"ListItem\",\"position\":1,\"name\":\"Anasayfa\",\"item\":\"https:\\\/\\\/ronicy.net\\\/\"},{\"@type\":\"ListItem\",\"position\":2,\"name\":\"T\u00fcm \u00dcr\u00fcnler\",\"item\":\"https:\\\/\\\/ronicy.net\\\/?page_id=51\"},{\"@type\":\"ListItem\",\"position\":3,\"name\":\"Dispenser Pompa \\\/ Losyon Pompa &#8211; RN00032\"}]},{\"@type\":\"WebSite\",\"@id\":\"https:\\\/\\\/ronicy.net\\\/#website\",\"url\":\"https:\\\/\\\/ronicy.net\\\/\",\"name\":\"Kozmetik Ambalaj \u00c7\u00f6z\u00fcmleri | Ronicy Premium Pack\",\"description\":\"Premium Segment Ambalaj \u00c7\u00f6z\u00fcmleri\",\"publisher\":{\"@id\":\"https:\\\/\\\/ronicy.net\\\/#organization\"},\"potentialAction\":[{\"@type\":\"SearchAction\",\"target\":{\"@type\":\"EntryPoint\",\"urlTemplate\":\"https:\\\/\\\/ronicy.net\\\/?s={search_term_string}\"},\"query-input\":{\"@type\":\"PropertyValueSpecification\",\"valueRequired\":true,\"valueName\":\"search_term_string\"}}],\"inLanguage\":\"tr\"},{\"@type\":\"Organization\",\"@id\":\"https:\\\/\\\/ronicy.net\\\/#organization\",\"name\":\"Ronicy Premium Pack\",\"url\":\"https:\\\/\\\/ronicy.net\\\/\",\"logo\":{\"@type\":\"ImageObject\",\"inLanguage\":\"tr\",\"@id\":\"https:\\\/\\\/ronicy.net\\\/#\\\/schema\\\/logo\\\/image\\\/\",\"url\":\"https:\\\/\\\/ronicy.net\\\/wp-content\\\/uploads\\\/2025\\\/10\\\/Ronicy-Logoo.jpg\",\"contentUrl\":\"https:\\\/\\\/ronicy.net\\\/wp-content\\\/uploads\\\/2025\\\/10\\\/Ronicy-Logoo.jpg\",\"width\":1000,\"height\":400,\"caption\":\"Ronicy Premium Pack\"},\"image\":{\"@id\":\"https:\\\/\\\/ronicy.net\\\/#\\\/schema\\\/logo\\\/image\\\/\"},\"sameAs\":[\"https:\\\/\\\/www.instagram.com\\\/ronicy_pack\\\/\"]}]}<\/script>\n<!-- \/ Yoast SEO plugin. -->","yoast_head_json":{"title":"Dispenser Pompa \/ Losyon Pompa - RN00032 - Ronicy","robots":{"index":"index","follow":"follow","max-snippet":"max-snippet:-1","max-image-preview":"max-image-preview:large","max-video-preview":"max-video-preview:-1"},"canonical":"https:\/\/ronicy.net\/?product=dispenser-pompa-losyon-pompa-rn00032","og_locale":"tr_TR","og_type":"article","og_title":"Dispenser Pompa \/ Losyon Pompa - RN00032 - Ronicy","og_description":"\u00c7ap \/ \u00d6l\u00e7\u00fc : \u03c624\/410, \u03c624\/415, \u03c628\/400, \u03c628\/410, \u03c628\/415, \u03c633\/410  Standart dozaj hacimleri: 1.80+\/-0.20 ML  Y\u00fcks\u00fck : P\u00fcr\u00fczs\u00fcz \/ Yivli \/ Al\u00fcminyum  Renk : \u0130stenilen Renk \u00dcretim Yap\u0131labilir  Sa\u011f-Sol \u00c7evirmeli Vidal\u0131 Kilit Sistemi  Hammadde : PP","og_url":"https:\/\/ronicy.net\/?product=dispenser-pompa-losyon-pompa-rn00032","og_site_name":"Ronicy","article_modified_time":"2023-09-13T19:22:31+00:00","og_image":[{"width":1080,"height":1080,"url":"https:\/\/ronicy.net\/wp-content\/uploads\/2023\/08\/ronicy-lotion-dispenser-pump-32.png","type":"image\/png"}],"twitter_card":"summary_large_image","schema":{"@context":"https:\/\/schema.org","@graph":[{"@type":"WebPage","@id":"https:\/\/ronicy.net\/?product=dispenser-pompa-losyon-pompa-rn00032","url":"https:\/\/ronicy.net\/?product=dispenser-pompa-losyon-pompa-rn00032","name":"Dispenser Pompa \/ Losyon Pompa - RN00032 - Ronicy","isPartOf":{"@id":"https:\/\/ronicy.net\/#website"},"primaryImageOfPage":{"@id":"https:\/\/ronicy.net\/?product=dispenser-pompa-losyon-pompa-rn00032#primaryimage"},"image":{"@id":"https:\/\/ronicy.net\/?product=dispenser-pompa-losyon-pompa-rn00032#primaryimage"},"thumbnailUrl":"https:\/\/ronicy.net\/wp-content\/uploads\/2023\/08\/ronicy-lotion-dispenser-pump-32.png","datePublished":"2023-08-18T19:15:51+00:00","dateModified":"2023-09-13T19:22:31+00:00","breadcrumb":{"@id":"https:\/\/ronicy.net\/?product=dispenser-pompa-losyon-pompa-rn00032#breadcrumb"},"inLanguage":"tr","potentialAction":[{"@type":"ReadAction","target":["https:\/\/ronicy.net\/?product=dispenser-pompa-losyon-pompa-rn00032"]}]},{"@type":"ImageObject","inLanguage":"tr","@id":"https:\/\/ronicy.net\/?product=dispenser-pompa-losyon-pompa-rn00032#primaryimage","url":"https:\/\/ronicy.net\/wp-content\/uploads\/2023\/08\/ronicy-lotion-dispenser-pump-32.png","contentUrl":"https:\/\/ronicy.net\/wp-content\/uploads\/2023\/08\/ronicy-lotion-dispenser-pump-32.png","width":1080,"height":1080},{"@type":"BreadcrumbList","@id":"https:\/\/ronicy.net\/?product=dispenser-pompa-losyon-pompa-rn00032#breadcrumb","itemListElement":[{"@type":"ListItem","position":1,"name":"Anasayfa","item":"https:\/\/ronicy.net\/"},{"@type":"ListItem","position":2,"name":"T\u00fcm \u00dcr\u00fcnler","item":"https:\/\/ronicy.net\/?page_id=51"},{"@type":"ListItem","position":3,"name":"Dispenser Pompa \/ Losyon Pompa &#8211; RN00032"}]},{"@type":"WebSite","@id":"https:\/\/ronicy.net\/#website","url":"https:\/\/ronicy.net\/","name":"Kozmetik Ambalaj \u00c7\u00f6z\u00fcmleri | Ronicy Premium Pack","description":"Premium Segment Ambalaj \u00c7\u00f6z\u00fcmleri","publisher":{"@id":"https:\/\/ronicy.net\/#organization"},"potentialAction":[{"@type":"SearchAction","target":{"@type":"EntryPoint","urlTemplate":"https:\/\/ronicy.net\/?s={search_term_string}"},"query-input":{"@type":"PropertyValueSpecification","valueRequired":true,"valueName":"search_term_string"}}],"inLanguage":"tr"},{"@type":"Organization","@id":"https:\/\/ronicy.net\/#organization","name":"Ronicy Premium Pack","url":"https:\/\/ronicy.net\/","logo":{"@type":"ImageObject","inLanguage":"tr","@id":"https:\/\/ronicy.net\/#\/schema\/logo\/image\/","url":"https:\/\/ronicy.net\/wp-content\/uploads\/2025\/10\/Ronicy-Logoo.jpg","contentUrl":"https:\/\/ronicy.net\/wp-content\/uploads\/2025\/10\/Ronicy-Logoo.jpg","width":1000,"height":400,"caption":"Ronicy Premium Pack"},"image":{"@id":"https:\/\/ronicy.net\/#\/schema\/logo\/image\/"},"sameAs":["https:\/\/www.instagram.com\/ronicy_pack\/"]}]}},"_links":{"self":[{"href":"https:\/\/ronicy.net\/index.php?rest_route=\/wp\/v2\/product\/19561","targetHints":{"allow":["GET"]}}],"collection":[{"href":"https:\/\/ronicy.net\/index.php?rest_route=\/wp\/v2\/product"}],"about":[{"href":"https:\/\/ronicy.net\/index.php?rest_route=\/wp\/v2\/types\/product"}],"replies":[{"embeddable":true,"href":"https:\/\/ronicy.net\/index.php?rest_route=%2Fwp%2Fv2%2Fcomments&post=19561"}],"wp:featuredmedia":[{"embeddable":true,"href":"https:\/\/ronicy.net\/index.php?rest_route=\/wp\/v2\/media\/19527"}],"wp:attachment":[{"href":"https:\/\/ronicy.net\/index.php?rest_route=%2Fwp%2Fv2%2Fmedia&parent=19561"}],"wp:term":[{"taxonomy":"product_brand","embeddable":true,"href":"https:\/\/ronicy.net\/index.php?rest_route=%2Fwp%2Fv2%2Fproduct_brand&post=19561"},{"taxonomy":"product_cat","embeddable":true,"href":"https:\/\/ronicy.net\/index.php?rest_route=%2Fwp%2Fv2%2Fproduct_cat&post=19561"},{"taxonomy":"product_tag","embeddable":true,"href":"https:\/\/ronicy.net\/index.php?rest_route=%2Fwp%2Fv2%2Fproduct_tag&post=19561"}],"curies":[{"name":"wp","href":"https:\/\/api.w.org\/{rel}","templated":true}]}}