{"id":19447,"date":"2023-05-18T14:55:49","date_gmt":"2023-05-18T11:55:49","guid":{"rendered":"http:\/\/ronicy.net\/?post_type=product&#038;p=19447"},"modified":"2026-03-24T22:56:15","modified_gmt":"2026-03-24T19:56:15","slug":"dozajli-oral-aplikator","status":"publish","type":"product","link":"https:\/\/ronicy.net\/?product=dozajli-oral-aplikator","title":{"rendered":"Dozajl\u0131 Oral Aplikat\u00f6r"},"content":{"rendered":"<p>Besleme ka\u015f\u0131\u011f\u0131n\u0131n yerini alacak yeni aplikat\u00f6r sistemi. Oral doz aplikat\u00f6rlerimiz a\u015fa\u011f\u0131daki standart dozlama hacimlerinde mevcuttur: 0,5 ml, 1 ml, 2 ml, 3 ml, 5 ml, 10 ml ve 20 ml.<\/p>\n<p>Ronicy size hepsi bir arada paketi sunabilmektedir: CRC\/TE kapak, tapa, oral dozlama \u015f\u0131r\u0131ngas\u0131, s\u0131zd\u0131rmaz kapak ve klips. Bu, oral sol\u00fcsyonlar\u0131n y\u00f6netimi i\u00e7in gerekli t\u00fcm bile\u015fenleri tek bir tedarik\u00e7iden sat\u0131n alman\u0131z\u0131 sa\u011fl\u0131yoruz.<img fetchpriority=\"high\" decoding=\"async\" class=\"alignnone size-full wp-image-19448\" src=\"https:\/\/ronicy.net\/wp-content\/uploads\/2023\/05\/Pharma-Cosmetic-Sector-Functional-and-Expert-Supplier-1.png\" alt=\"\" width=\"1920\" height=\"1080\" srcset=\"https:\/\/ronicy.net\/wp-content\/uploads\/2023\/05\/Pharma-Cosmetic-Sector-Functional-and-Expert-Supplier-1.png 1920w, https:\/\/ronicy.net\/wp-content\/uploads\/2023\/05\/Pharma-Cosmetic-Sector-Functional-and-Expert-Supplier-1-300x169.png 300w, https:\/\/ronicy.net\/wp-content\/uploads\/2023\/05\/Pharma-Cosmetic-Sector-Functional-and-Expert-Supplier-1-1024x576.png 1024w, https:\/\/ronicy.net\/wp-content\/uploads\/2023\/05\/Pharma-Cosmetic-Sector-Functional-and-Expert-Supplier-1-768x432.png 768w, https:\/\/ronicy.net\/wp-content\/uploads\/2023\/05\/Pharma-Cosmetic-Sector-Functional-and-Expert-Supplier-1-600x338.png 600w, https:\/\/ronicy.net\/wp-content\/uploads\/2023\/05\/Pharma-Cosmetic-Sector-Functional-and-Expert-Supplier-1-1536x864.png 1536w, https:\/\/ronicy.net\/wp-content\/uploads\/2023\/05\/Pharma-Cosmetic-Sector-Functional-and-Expert-Supplier-1-1300x731.png 1300w\" sizes=\"(max-width: 1920px) 100vw, 1920px\" \/><\/p>\n","protected":false},"excerpt":{"rendered":"<ul>\n<li>Standart dozaj hacimleri: 0,5 ml ila 20 ml<\/li>\n<li>CE Sertifikas\u0131<\/li>\n<li>CRC\/TE kapatma DIN28 ve DIN18<\/li>\n<li>DIN28 ve DIN18 tapas\u0131 ve s\u0131zd\u0131rmazl\u0131k kapa\u011f\u0131<\/li>\n<li>\u00d6n dozajlama ve s\u0131zd\u0131rmazl\u0131k i\u00e7in kapak<\/li>\n<li>Ultra kaygan g\u00f6vde ve piston<\/li>\n<li>G\u00f6vde ve piston i\u00e7in t\u00fcm PMS renkleri mevcuttur<\/li>\n<li>CRC\/TE kapa\u011f\u0131n\u0131n \u00f6n montaj\u0131 ve iste\u011fe ba\u011fl\u0131 fi\u015f<\/li>\n<li>\u0130ste\u011fe ba\u011fl\u0131 olarak birden fazla \u015f\u0131r\u0131nga \/ bro\u015f\u00fcr \/ fi\u015f i\u00e7eren ak\u0131\u015f paketinde paketleme<\/li>\n<li>Standart veya \u00f6zelle\u015ftirilmi\u015f \u00f6l\u00e7ek b\u00f6l\u00fcm\u00fc ile g\u00f6vde veya piston \u00fczerine bask\u0131<\/li>\n<\/ul>\n","protected":false},"featured_media":19449,"comment_status":"open","ping_status":"closed","template":"","meta":[],"product_brand":[],"product_cat":[149,144],"product_tag":[],"class_list":{"0":"post-19447","1":"product","2":"type-product","3":"status-publish","4":"has-post-thumbnail","6":"product_cat-oraldozajli","7":"product_cat-veteriner","9":"first","10":"instock","11":"shipping-taxable","12":"product-type-simple","13":"add-to-wishlist-after_add_to_cart"},"yoast_head":"<!-- This site is optimized with the Yoast SEO plugin v27.4 - https:\/\/yoast.com\/product\/yoast-seo-wordpress\/ -->\n<title>Dozajl\u0131 Oral Aplikat\u00f6r - Ronicy<\/title>\n<meta name=\"robots\" content=\"index, follow, max-snippet:-1, max-image-preview:large, max-video-preview:-1\" \/>\n<link rel=\"canonical\" href=\"https:\/\/ronicy.net\/?product=dozajli-oral-aplikator\" \/>\n<meta property=\"og:locale\" content=\"tr_TR\" \/>\n<meta property=\"og:type\" content=\"article\" \/>\n<meta property=\"og:title\" content=\"Dozajl\u0131 Oral Aplikat\u00f6r - Ronicy\" \/>\n<meta property=\"og:description\" content=\"Standart dozaj hacimleri: 0,5 ml ila 20 ml  CE Sertifikas\u0131  CRC\/TE kapatma DIN28 ve DIN18  DIN28 ve DIN18 tapas\u0131 ve s\u0131zd\u0131rmazl\u0131k kapa\u011f\u0131  \u00d6n dozajlama ve s\u0131zd\u0131rmazl\u0131k i\u00e7in kapak  Ultra kaygan g\u00f6vde ve piston  G\u00f6vde ve piston i\u00e7in t\u00fcm PMS renkleri mevcuttur  CRC\/TE kapa\u011f\u0131n\u0131n \u00f6n montaj\u0131 ve iste\u011fe ba\u011fl\u0131 fi\u015f  \u0130ste\u011fe ba\u011fl\u0131 olarak birden fazla \u015f\u0131r\u0131nga \/ bro\u015f\u00fcr \/ fi\u015f i\u00e7eren ak\u0131\u015f paketinde paketleme  Standart veya \u00f6zelle\u015ftirilmi\u015f \u00f6l\u00e7ek b\u00f6l\u00fcm\u00fc ile g\u00f6vde veya piston \u00fczerine bask\u0131\" \/>\n<meta property=\"og:url\" content=\"https:\/\/ronicy.net\/?product=dozajli-oral-aplikator\" \/>\n<meta property=\"og:site_name\" content=\"Ronicy\" \/>\n<meta property=\"article:modified_time\" content=\"2026-03-24T19:56:15+00:00\" \/>\n<meta property=\"og:image\" content=\"https:\/\/ronicy.net\/wp-content\/uploads\/2023\/05\/oral-aplikator.png\" \/>\n\t<meta property=\"og:image:width\" content=\"1000\" \/>\n\t<meta property=\"og:image:height\" content=\"1000\" \/>\n\t<meta property=\"og:image:type\" content=\"image\/png\" \/>\n<meta name=\"twitter:card\" content=\"summary_large_image\" \/>\n<script type=\"application\/ld+json\" class=\"yoast-schema-graph\">{\"@context\":\"https:\\\/\\\/schema.org\",\"@graph\":[{\"@type\":\"WebPage\",\"@id\":\"https:\\\/\\\/ronicy.net\\\/?product=dozajli-oral-aplikator\",\"url\":\"https:\\\/\\\/ronicy.net\\\/?product=dozajli-oral-aplikator\",\"name\":\"Dozajl\u0131 Oral Aplikat\u00f6r - Ronicy\",\"isPartOf\":{\"@id\":\"https:\\\/\\\/ronicy.net\\\/#website\"},\"primaryImageOfPage\":{\"@id\":\"https:\\\/\\\/ronicy.net\\\/?product=dozajli-oral-aplikator#primaryimage\"},\"image\":{\"@id\":\"https:\\\/\\\/ronicy.net\\\/?product=dozajli-oral-aplikator#primaryimage\"},\"thumbnailUrl\":\"https:\\\/\\\/ronicy.net\\\/wp-content\\\/uploads\\\/2023\\\/05\\\/oral-aplikator.png\",\"datePublished\":\"2023-05-18T11:55:49+00:00\",\"dateModified\":\"2026-03-24T19:56:15+00:00\",\"breadcrumb\":{\"@id\":\"https:\\\/\\\/ronicy.net\\\/?product=dozajli-oral-aplikator#breadcrumb\"},\"inLanguage\":\"tr\",\"potentialAction\":[{\"@type\":\"ReadAction\",\"target\":[\"https:\\\/\\\/ronicy.net\\\/?product=dozajli-oral-aplikator\"]}]},{\"@type\":\"ImageObject\",\"inLanguage\":\"tr\",\"@id\":\"https:\\\/\\\/ronicy.net\\\/?product=dozajli-oral-aplikator#primaryimage\",\"url\":\"https:\\\/\\\/ronicy.net\\\/wp-content\\\/uploads\\\/2023\\\/05\\\/oral-aplikator.png\",\"contentUrl\":\"https:\\\/\\\/ronicy.net\\\/wp-content\\\/uploads\\\/2023\\\/05\\\/oral-aplikator.png\",\"width\":1000,\"height\":1000},{\"@type\":\"BreadcrumbList\",\"@id\":\"https:\\\/\\\/ronicy.net\\\/?product=dozajli-oral-aplikator#breadcrumb\",\"itemListElement\":[{\"@type\":\"ListItem\",\"position\":1,\"name\":\"Anasayfa\",\"item\":\"https:\\\/\\\/ronicy.net\\\/\"},{\"@type\":\"ListItem\",\"position\":2,\"name\":\"T\u00fcm \u00dcr\u00fcnler\",\"item\":\"https:\\\/\\\/ronicy.net\\\/?page_id=51\"},{\"@type\":\"ListItem\",\"position\":3,\"name\":\"Dozajl\u0131 Oral Aplikat\u00f6r\"}]},{\"@type\":\"WebSite\",\"@id\":\"https:\\\/\\\/ronicy.net\\\/#website\",\"url\":\"https:\\\/\\\/ronicy.net\\\/\",\"name\":\"Kozmetik Ambalaj \u00c7\u00f6z\u00fcmleri | Ronicy Premium Pack\",\"description\":\"Premium Segment Ambalaj \u00c7\u00f6z\u00fcmleri\",\"publisher\":{\"@id\":\"https:\\\/\\\/ronicy.net\\\/#organization\"},\"potentialAction\":[{\"@type\":\"SearchAction\",\"target\":{\"@type\":\"EntryPoint\",\"urlTemplate\":\"https:\\\/\\\/ronicy.net\\\/?s={search_term_string}\"},\"query-input\":{\"@type\":\"PropertyValueSpecification\",\"valueRequired\":true,\"valueName\":\"search_term_string\"}}],\"inLanguage\":\"tr\"},{\"@type\":\"Organization\",\"@id\":\"https:\\\/\\\/ronicy.net\\\/#organization\",\"name\":\"Ronicy Premium Pack\",\"url\":\"https:\\\/\\\/ronicy.net\\\/\",\"logo\":{\"@type\":\"ImageObject\",\"inLanguage\":\"tr\",\"@id\":\"https:\\\/\\\/ronicy.net\\\/#\\\/schema\\\/logo\\\/image\\\/\",\"url\":\"https:\\\/\\\/ronicy.net\\\/wp-content\\\/uploads\\\/2025\\\/10\\\/Ronicy-Logoo.jpg\",\"contentUrl\":\"https:\\\/\\\/ronicy.net\\\/wp-content\\\/uploads\\\/2025\\\/10\\\/Ronicy-Logoo.jpg\",\"width\":1000,\"height\":400,\"caption\":\"Ronicy Premium Pack\"},\"image\":{\"@id\":\"https:\\\/\\\/ronicy.net\\\/#\\\/schema\\\/logo\\\/image\\\/\"},\"sameAs\":[\"https:\\\/\\\/www.instagram.com\\\/ronicy_pack\\\/\"]}]}<\/script>\n<!-- \/ Yoast SEO plugin. -->","yoast_head_json":{"title":"Dozajl\u0131 Oral Aplikat\u00f6r - Ronicy","robots":{"index":"index","follow":"follow","max-snippet":"max-snippet:-1","max-image-preview":"max-image-preview:large","max-video-preview":"max-video-preview:-1"},"canonical":"https:\/\/ronicy.net\/?product=dozajli-oral-aplikator","og_locale":"tr_TR","og_type":"article","og_title":"Dozajl\u0131 Oral Aplikat\u00f6r - Ronicy","og_description":"Standart dozaj hacimleri: 0,5 ml ila 20 ml  CE Sertifikas\u0131  CRC\/TE kapatma DIN28 ve DIN18  DIN28 ve DIN18 tapas\u0131 ve s\u0131zd\u0131rmazl\u0131k kapa\u011f\u0131  \u00d6n dozajlama ve s\u0131zd\u0131rmazl\u0131k i\u00e7in kapak  Ultra kaygan g\u00f6vde ve piston  G\u00f6vde ve piston i\u00e7in t\u00fcm PMS renkleri mevcuttur  CRC\/TE kapa\u011f\u0131n\u0131n \u00f6n montaj\u0131 ve iste\u011fe ba\u011fl\u0131 fi\u015f  \u0130ste\u011fe ba\u011fl\u0131 olarak birden fazla \u015f\u0131r\u0131nga \/ bro\u015f\u00fcr \/ fi\u015f i\u00e7eren ak\u0131\u015f paketinde paketleme  Standart veya \u00f6zelle\u015ftirilmi\u015f \u00f6l\u00e7ek b\u00f6l\u00fcm\u00fc ile g\u00f6vde veya piston \u00fczerine bask\u0131","og_url":"https:\/\/ronicy.net\/?product=dozajli-oral-aplikator","og_site_name":"Ronicy","article_modified_time":"2026-03-24T19:56:15+00:00","og_image":[{"width":1000,"height":1000,"url":"https:\/\/ronicy.net\/wp-content\/uploads\/2023\/05\/oral-aplikator.png","type":"image\/png"}],"twitter_card":"summary_large_image","schema":{"@context":"https:\/\/schema.org","@graph":[{"@type":"WebPage","@id":"https:\/\/ronicy.net\/?product=dozajli-oral-aplikator","url":"https:\/\/ronicy.net\/?product=dozajli-oral-aplikator","name":"Dozajl\u0131 Oral Aplikat\u00f6r - Ronicy","isPartOf":{"@id":"https:\/\/ronicy.net\/#website"},"primaryImageOfPage":{"@id":"https:\/\/ronicy.net\/?product=dozajli-oral-aplikator#primaryimage"},"image":{"@id":"https:\/\/ronicy.net\/?product=dozajli-oral-aplikator#primaryimage"},"thumbnailUrl":"https:\/\/ronicy.net\/wp-content\/uploads\/2023\/05\/oral-aplikator.png","datePublished":"2023-05-18T11:55:49+00:00","dateModified":"2026-03-24T19:56:15+00:00","breadcrumb":{"@id":"https:\/\/ronicy.net\/?product=dozajli-oral-aplikator#breadcrumb"},"inLanguage":"tr","potentialAction":[{"@type":"ReadAction","target":["https:\/\/ronicy.net\/?product=dozajli-oral-aplikator"]}]},{"@type":"ImageObject","inLanguage":"tr","@id":"https:\/\/ronicy.net\/?product=dozajli-oral-aplikator#primaryimage","url":"https:\/\/ronicy.net\/wp-content\/uploads\/2023\/05\/oral-aplikator.png","contentUrl":"https:\/\/ronicy.net\/wp-content\/uploads\/2023\/05\/oral-aplikator.png","width":1000,"height":1000},{"@type":"BreadcrumbList","@id":"https:\/\/ronicy.net\/?product=dozajli-oral-aplikator#breadcrumb","itemListElement":[{"@type":"ListItem","position":1,"name":"Anasayfa","item":"https:\/\/ronicy.net\/"},{"@type":"ListItem","position":2,"name":"T\u00fcm \u00dcr\u00fcnler","item":"https:\/\/ronicy.net\/?page_id=51"},{"@type":"ListItem","position":3,"name":"Dozajl\u0131 Oral Aplikat\u00f6r"}]},{"@type":"WebSite","@id":"https:\/\/ronicy.net\/#website","url":"https:\/\/ronicy.net\/","name":"Kozmetik Ambalaj \u00c7\u00f6z\u00fcmleri | Ronicy Premium Pack","description":"Premium Segment Ambalaj \u00c7\u00f6z\u00fcmleri","publisher":{"@id":"https:\/\/ronicy.net\/#organization"},"potentialAction":[{"@type":"SearchAction","target":{"@type":"EntryPoint","urlTemplate":"https:\/\/ronicy.net\/?s={search_term_string}"},"query-input":{"@type":"PropertyValueSpecification","valueRequired":true,"valueName":"search_term_string"}}],"inLanguage":"tr"},{"@type":"Organization","@id":"https:\/\/ronicy.net\/#organization","name":"Ronicy Premium Pack","url":"https:\/\/ronicy.net\/","logo":{"@type":"ImageObject","inLanguage":"tr","@id":"https:\/\/ronicy.net\/#\/schema\/logo\/image\/","url":"https:\/\/ronicy.net\/wp-content\/uploads\/2025\/10\/Ronicy-Logoo.jpg","contentUrl":"https:\/\/ronicy.net\/wp-content\/uploads\/2025\/10\/Ronicy-Logoo.jpg","width":1000,"height":400,"caption":"Ronicy Premium Pack"},"image":{"@id":"https:\/\/ronicy.net\/#\/schema\/logo\/image\/"},"sameAs":["https:\/\/www.instagram.com\/ronicy_pack\/"]}]}},"_links":{"self":[{"href":"https:\/\/ronicy.net\/index.php?rest_route=\/wp\/v2\/product\/19447","targetHints":{"allow":["GET"]}}],"collection":[{"href":"https:\/\/ronicy.net\/index.php?rest_route=\/wp\/v2\/product"}],"about":[{"href":"https:\/\/ronicy.net\/index.php?rest_route=\/wp\/v2\/types\/product"}],"replies":[{"embeddable":true,"href":"https:\/\/ronicy.net\/index.php?rest_route=%2Fwp%2Fv2%2Fcomments&post=19447"}],"wp:featuredmedia":[{"embeddable":true,"href":"https:\/\/ronicy.net\/index.php?rest_route=\/wp\/v2\/media\/19449"}],"wp:attachment":[{"href":"https:\/\/ronicy.net\/index.php?rest_route=%2Fwp%2Fv2%2Fmedia&parent=19447"}],"wp:term":[{"taxonomy":"product_brand","embeddable":true,"href":"https:\/\/ronicy.net\/index.php?rest_route=%2Fwp%2Fv2%2Fproduct_brand&post=19447"},{"taxonomy":"product_cat","embeddable":true,"href":"https:\/\/ronicy.net\/index.php?rest_route=%2Fwp%2Fv2%2Fproduct_cat&post=19447"},{"taxonomy":"product_tag","embeddable":true,"href":"https:\/\/ronicy.net\/index.php?rest_route=%2Fwp%2Fv2%2Fproduct_tag&post=19447"}],"curies":[{"name":"wp","href":"https:\/\/api.w.org\/{rel}","templated":true}]}}