{"id":19442,"date":"2023-05-18T14:41:19","date_gmt":"2023-05-18T11:41:19","guid":{"rendered":"http:\/\/ronicy.net\/?post_type=product&#038;p=19442"},"modified":"2023-05-18T14:41:53","modified_gmt":"2023-05-18T11:41:53","slug":"macun-krem-siringasi","status":"publish","type":"product","link":"https:\/\/ronicy.net\/?product=macun-krem-siringasi","title":{"rendered":"Macun &#038; Krem \u015e\u0131r\u0131ngas\u0131"},"content":{"rendered":"<p>Bu \u015f\u0131r\u0131ngalar\u0131n geni\u015f a\u011f\u0131zl\u0131klar\u0131 vard\u0131r, bu da onlar\u0131 jellerin, kremlerin ve vitamin macunlar\u0131n\u0131n atlara ve koyunlara a\u011f\u0131zdan uygulanmas\u0131 i\u00e7in son derece uygundur. Oral macun \u015f\u0131r\u0131ngalar\u0131m\u0131z d\u00f6rt bile\u015fenden olu\u015fur: namlu, kapak, piston ve dozlama halkas\u0131. Standart dozaj hacimleri: 5,5 ml&#8217;den 60 ml&#8217;ye kadar.<\/p>\n<p><img fetchpriority=\"high\" decoding=\"async\" class=\"alignnone size-full wp-image-19443\" src=\"https:\/\/ronicy.net\/wp-content\/uploads\/2023\/05\/ronicy-veterinary-paste.png\" alt=\"\" width=\"1920\" height=\"1080\" srcset=\"https:\/\/ronicy.net\/wp-content\/uploads\/2023\/05\/ronicy-veterinary-paste.png 1920w, https:\/\/ronicy.net\/wp-content\/uploads\/2023\/05\/ronicy-veterinary-paste-300x169.png 300w, https:\/\/ronicy.net\/wp-content\/uploads\/2023\/05\/ronicy-veterinary-paste-1024x576.png 1024w, https:\/\/ronicy.net\/wp-content\/uploads\/2023\/05\/ronicy-veterinary-paste-768x432.png 768w, https:\/\/ronicy.net\/wp-content\/uploads\/2023\/05\/ronicy-veterinary-paste-600x338.png 600w, https:\/\/ronicy.net\/wp-content\/uploads\/2023\/05\/ronicy-veterinary-paste-1536x864.png 1536w, https:\/\/ronicy.net\/wp-content\/uploads\/2023\/05\/ronicy-veterinary-paste-1300x731.png 1300w\" sizes=\"(max-width: 1920px) 100vw, 1920px\" \/><\/p>\n","protected":false},"excerpt":{"rendered":"<ul>\n<li>Dozlama hacimleri: 5,5 ila 60 ml<\/li>\n<li>\u00d6n dozajlama ve s\u0131zd\u0131rmazl\u0131k i\u00e7in kapak<\/li>\n<li>Ultra kaygan g\u00f6vde ve piston<\/li>\n<li>G\u00f6vde ve piston i\u00e7in t\u00fcm PMS renkleri mevcuttur<\/li>\n<li>\u0130ste\u011fe ba\u011fl\u0131 ak\u0131\u015f paketinde bireysel paketleme<\/li>\n<li>Standart veya \u00f6zelle\u015ftirilmi\u015f \u00f6l\u00e7ek b\u00f6l\u00fcm\u00fc ile g\u00f6vde veya piston \u00fczerine bask\u0131<\/li>\n<\/ul>\n","protected":false},"featured_media":19444,"comment_status":"open","ping_status":"closed","template":"","meta":[],"product_brand":[],"product_cat":[148,144],"product_tag":[],"class_list":{"0":"post-19442","1":"product","2":"type-product","3":"status-publish","4":"has-post-thumbnail","6":"product_cat-macunsiringa","7":"product_cat-veteriner","9":"first","10":"instock","11":"shipping-taxable","12":"product-type-simple","13":"add-to-wishlist-after_add_to_cart"},"yoast_head":"<!-- This site is optimized with the Yoast SEO plugin v27.4 - https:\/\/yoast.com\/product\/yoast-seo-wordpress\/ -->\n<title>Macun &amp; Krem \u015e\u0131r\u0131ngas\u0131 - Ronicy<\/title>\n<meta name=\"robots\" content=\"index, follow, max-snippet:-1, max-image-preview:large, max-video-preview:-1\" \/>\n<link rel=\"canonical\" href=\"https:\/\/ronicy.net\/?product=macun-krem-siringasi\" \/>\n<meta property=\"og:locale\" content=\"tr_TR\" \/>\n<meta property=\"og:type\" content=\"article\" \/>\n<meta property=\"og:title\" content=\"Macun &amp; Krem \u015e\u0131r\u0131ngas\u0131 - Ronicy\" \/>\n<meta property=\"og:description\" content=\"Dozlama hacimleri: 5,5 ila 60 ml  \u00d6n dozajlama ve s\u0131zd\u0131rmazl\u0131k i\u00e7in kapak  Ultra kaygan g\u00f6vde ve piston  G\u00f6vde ve piston i\u00e7in t\u00fcm PMS renkleri mevcuttur  \u0130ste\u011fe ba\u011fl\u0131 ak\u0131\u015f paketinde bireysel paketleme  Standart veya \u00f6zelle\u015ftirilmi\u015f \u00f6l\u00e7ek b\u00f6l\u00fcm\u00fc ile g\u00f6vde veya piston \u00fczerine bask\u0131\" \/>\n<meta property=\"og:url\" content=\"https:\/\/ronicy.net\/?product=macun-krem-siringasi\" \/>\n<meta property=\"og:site_name\" content=\"Ronicy\" \/>\n<meta property=\"article:modified_time\" content=\"2023-05-18T11:41:53+00:00\" \/>\n<meta property=\"og:image\" content=\"https:\/\/ronicy.net\/wp-content\/uploads\/2023\/05\/Ronicy-paste-syringe-1.png\" \/>\n\t<meta property=\"og:image:width\" content=\"1000\" \/>\n\t<meta property=\"og:image:height\" content=\"1000\" \/>\n\t<meta property=\"og:image:type\" content=\"image\/png\" \/>\n<meta name=\"twitter:card\" content=\"summary_large_image\" \/>\n<script type=\"application\/ld+json\" class=\"yoast-schema-graph\">{\"@context\":\"https:\\\/\\\/schema.org\",\"@graph\":[{\"@type\":\"WebPage\",\"@id\":\"https:\\\/\\\/ronicy.net\\\/?product=macun-krem-siringasi\",\"url\":\"https:\\\/\\\/ronicy.net\\\/?product=macun-krem-siringasi\",\"name\":\"Macun & Krem \u015e\u0131r\u0131ngas\u0131 - Ronicy\",\"isPartOf\":{\"@id\":\"https:\\\/\\\/ronicy.net\\\/#website\"},\"primaryImageOfPage\":{\"@id\":\"https:\\\/\\\/ronicy.net\\\/?product=macun-krem-siringasi#primaryimage\"},\"image\":{\"@id\":\"https:\\\/\\\/ronicy.net\\\/?product=macun-krem-siringasi#primaryimage\"},\"thumbnailUrl\":\"https:\\\/\\\/ronicy.net\\\/wp-content\\\/uploads\\\/2023\\\/05\\\/Ronicy-paste-syringe-1.png\",\"datePublished\":\"2023-05-18T11:41:19+00:00\",\"dateModified\":\"2023-05-18T11:41:53+00:00\",\"breadcrumb\":{\"@id\":\"https:\\\/\\\/ronicy.net\\\/?product=macun-krem-siringasi#breadcrumb\"},\"inLanguage\":\"tr\",\"potentialAction\":[{\"@type\":\"ReadAction\",\"target\":[\"https:\\\/\\\/ronicy.net\\\/?product=macun-krem-siringasi\"]}]},{\"@type\":\"ImageObject\",\"inLanguage\":\"tr\",\"@id\":\"https:\\\/\\\/ronicy.net\\\/?product=macun-krem-siringasi#primaryimage\",\"url\":\"https:\\\/\\\/ronicy.net\\\/wp-content\\\/uploads\\\/2023\\\/05\\\/Ronicy-paste-syringe-1.png\",\"contentUrl\":\"https:\\\/\\\/ronicy.net\\\/wp-content\\\/uploads\\\/2023\\\/05\\\/Ronicy-paste-syringe-1.png\",\"width\":1000,\"height\":1000},{\"@type\":\"BreadcrumbList\",\"@id\":\"https:\\\/\\\/ronicy.net\\\/?product=macun-krem-siringasi#breadcrumb\",\"itemListElement\":[{\"@type\":\"ListItem\",\"position\":1,\"name\":\"Anasayfa\",\"item\":\"https:\\\/\\\/ronicy.net\\\/\"},{\"@type\":\"ListItem\",\"position\":2,\"name\":\"T\u00fcm \u00dcr\u00fcnler\",\"item\":\"https:\\\/\\\/ronicy.net\\\/?page_id=51\"},{\"@type\":\"ListItem\",\"position\":3,\"name\":\"Macun &#038; Krem \u015e\u0131r\u0131ngas\u0131\"}]},{\"@type\":\"WebSite\",\"@id\":\"https:\\\/\\\/ronicy.net\\\/#website\",\"url\":\"https:\\\/\\\/ronicy.net\\\/\",\"name\":\"Kozmetik Ambalaj \u00c7\u00f6z\u00fcmleri | Ronicy Premium Pack\",\"description\":\"Premium Segment Ambalaj \u00c7\u00f6z\u00fcmleri\",\"publisher\":{\"@id\":\"https:\\\/\\\/ronicy.net\\\/#organization\"},\"potentialAction\":[{\"@type\":\"SearchAction\",\"target\":{\"@type\":\"EntryPoint\",\"urlTemplate\":\"https:\\\/\\\/ronicy.net\\\/?s={search_term_string}\"},\"query-input\":{\"@type\":\"PropertyValueSpecification\",\"valueRequired\":true,\"valueName\":\"search_term_string\"}}],\"inLanguage\":\"tr\"},{\"@type\":\"Organization\",\"@id\":\"https:\\\/\\\/ronicy.net\\\/#organization\",\"name\":\"Ronicy Premium Pack\",\"url\":\"https:\\\/\\\/ronicy.net\\\/\",\"logo\":{\"@type\":\"ImageObject\",\"inLanguage\":\"tr\",\"@id\":\"https:\\\/\\\/ronicy.net\\\/#\\\/schema\\\/logo\\\/image\\\/\",\"url\":\"https:\\\/\\\/ronicy.net\\\/wp-content\\\/uploads\\\/2025\\\/10\\\/Ronicy-Logoo.jpg\",\"contentUrl\":\"https:\\\/\\\/ronicy.net\\\/wp-content\\\/uploads\\\/2025\\\/10\\\/Ronicy-Logoo.jpg\",\"width\":1000,\"height\":400,\"caption\":\"Ronicy Premium Pack\"},\"image\":{\"@id\":\"https:\\\/\\\/ronicy.net\\\/#\\\/schema\\\/logo\\\/image\\\/\"},\"sameAs\":[\"https:\\\/\\\/www.instagram.com\\\/ronicy_pack\\\/\"]}]}<\/script>\n<!-- \/ Yoast SEO plugin. -->","yoast_head_json":{"title":"Macun & Krem \u015e\u0131r\u0131ngas\u0131 - Ronicy","robots":{"index":"index","follow":"follow","max-snippet":"max-snippet:-1","max-image-preview":"max-image-preview:large","max-video-preview":"max-video-preview:-1"},"canonical":"https:\/\/ronicy.net\/?product=macun-krem-siringasi","og_locale":"tr_TR","og_type":"article","og_title":"Macun & Krem \u015e\u0131r\u0131ngas\u0131 - Ronicy","og_description":"Dozlama hacimleri: 5,5 ila 60 ml  \u00d6n dozajlama ve s\u0131zd\u0131rmazl\u0131k i\u00e7in kapak  Ultra kaygan g\u00f6vde ve piston  G\u00f6vde ve piston i\u00e7in t\u00fcm PMS renkleri mevcuttur  \u0130ste\u011fe ba\u011fl\u0131 ak\u0131\u015f paketinde bireysel paketleme  Standart veya \u00f6zelle\u015ftirilmi\u015f \u00f6l\u00e7ek b\u00f6l\u00fcm\u00fc ile g\u00f6vde veya piston \u00fczerine bask\u0131","og_url":"https:\/\/ronicy.net\/?product=macun-krem-siringasi","og_site_name":"Ronicy","article_modified_time":"2023-05-18T11:41:53+00:00","og_image":[{"width":1000,"height":1000,"url":"https:\/\/ronicy.net\/wp-content\/uploads\/2023\/05\/Ronicy-paste-syringe-1.png","type":"image\/png"}],"twitter_card":"summary_large_image","schema":{"@context":"https:\/\/schema.org","@graph":[{"@type":"WebPage","@id":"https:\/\/ronicy.net\/?product=macun-krem-siringasi","url":"https:\/\/ronicy.net\/?product=macun-krem-siringasi","name":"Macun & Krem \u015e\u0131r\u0131ngas\u0131 - Ronicy","isPartOf":{"@id":"https:\/\/ronicy.net\/#website"},"primaryImageOfPage":{"@id":"https:\/\/ronicy.net\/?product=macun-krem-siringasi#primaryimage"},"image":{"@id":"https:\/\/ronicy.net\/?product=macun-krem-siringasi#primaryimage"},"thumbnailUrl":"https:\/\/ronicy.net\/wp-content\/uploads\/2023\/05\/Ronicy-paste-syringe-1.png","datePublished":"2023-05-18T11:41:19+00:00","dateModified":"2023-05-18T11:41:53+00:00","breadcrumb":{"@id":"https:\/\/ronicy.net\/?product=macun-krem-siringasi#breadcrumb"},"inLanguage":"tr","potentialAction":[{"@type":"ReadAction","target":["https:\/\/ronicy.net\/?product=macun-krem-siringasi"]}]},{"@type":"ImageObject","inLanguage":"tr","@id":"https:\/\/ronicy.net\/?product=macun-krem-siringasi#primaryimage","url":"https:\/\/ronicy.net\/wp-content\/uploads\/2023\/05\/Ronicy-paste-syringe-1.png","contentUrl":"https:\/\/ronicy.net\/wp-content\/uploads\/2023\/05\/Ronicy-paste-syringe-1.png","width":1000,"height":1000},{"@type":"BreadcrumbList","@id":"https:\/\/ronicy.net\/?product=macun-krem-siringasi#breadcrumb","itemListElement":[{"@type":"ListItem","position":1,"name":"Anasayfa","item":"https:\/\/ronicy.net\/"},{"@type":"ListItem","position":2,"name":"T\u00fcm \u00dcr\u00fcnler","item":"https:\/\/ronicy.net\/?page_id=51"},{"@type":"ListItem","position":3,"name":"Macun &#038; Krem \u015e\u0131r\u0131ngas\u0131"}]},{"@type":"WebSite","@id":"https:\/\/ronicy.net\/#website","url":"https:\/\/ronicy.net\/","name":"Kozmetik Ambalaj \u00c7\u00f6z\u00fcmleri | Ronicy Premium Pack","description":"Premium Segment Ambalaj \u00c7\u00f6z\u00fcmleri","publisher":{"@id":"https:\/\/ronicy.net\/#organization"},"potentialAction":[{"@type":"SearchAction","target":{"@type":"EntryPoint","urlTemplate":"https:\/\/ronicy.net\/?s={search_term_string}"},"query-input":{"@type":"PropertyValueSpecification","valueRequired":true,"valueName":"search_term_string"}}],"inLanguage":"tr"},{"@type":"Organization","@id":"https:\/\/ronicy.net\/#organization","name":"Ronicy Premium Pack","url":"https:\/\/ronicy.net\/","logo":{"@type":"ImageObject","inLanguage":"tr","@id":"https:\/\/ronicy.net\/#\/schema\/logo\/image\/","url":"https:\/\/ronicy.net\/wp-content\/uploads\/2025\/10\/Ronicy-Logoo.jpg","contentUrl":"https:\/\/ronicy.net\/wp-content\/uploads\/2025\/10\/Ronicy-Logoo.jpg","width":1000,"height":400,"caption":"Ronicy Premium Pack"},"image":{"@id":"https:\/\/ronicy.net\/#\/schema\/logo\/image\/"},"sameAs":["https:\/\/www.instagram.com\/ronicy_pack\/"]}]}},"_links":{"self":[{"href":"https:\/\/ronicy.net\/index.php?rest_route=\/wp\/v2\/product\/19442","targetHints":{"allow":["GET"]}}],"collection":[{"href":"https:\/\/ronicy.net\/index.php?rest_route=\/wp\/v2\/product"}],"about":[{"href":"https:\/\/ronicy.net\/index.php?rest_route=\/wp\/v2\/types\/product"}],"replies":[{"embeddable":true,"href":"https:\/\/ronicy.net\/index.php?rest_route=%2Fwp%2Fv2%2Fcomments&post=19442"}],"wp:featuredmedia":[{"embeddable":true,"href":"https:\/\/ronicy.net\/index.php?rest_route=\/wp\/v2\/media\/19444"}],"wp:attachment":[{"href":"https:\/\/ronicy.net\/index.php?rest_route=%2Fwp%2Fv2%2Fmedia&parent=19442"}],"wp:term":[{"taxonomy":"product_brand","embeddable":true,"href":"https:\/\/ronicy.net\/index.php?rest_route=%2Fwp%2Fv2%2Fproduct_brand&post=19442"},{"taxonomy":"product_cat","embeddable":true,"href":"https:\/\/ronicy.net\/index.php?rest_route=%2Fwp%2Fv2%2Fproduct_cat&post=19442"},{"taxonomy":"product_tag","embeddable":true,"href":"https:\/\/ronicy.net\/index.php?rest_route=%2Fwp%2Fv2%2Fproduct_tag&post=19442"}],"curies":[{"name":"wp","href":"https:\/\/api.w.org\/{rel}","templated":true}]}}