{"id":19423,"date":"2023-05-18T13:35:52","date_gmt":"2023-05-18T10:35:52","guid":{"rendered":"http:\/\/ronicy.net\/?post_type=product&#038;p=19423"},"modified":"2023-05-18T13:46:56","modified_gmt":"2023-05-18T10:46:56","slug":"meme-ici-siringa-meme-tupu","status":"publish","type":"product","link":"https:\/\/ronicy.net\/?product=meme-ici-siringa-meme-tupu","title":{"rendered":"Meme \u0130\u00e7i \u015e\u0131r\u0131nga \/ Meme T\u00fcp\u00fc"},"content":{"rendered":"<p><img fetchpriority=\"high\" decoding=\"async\" class=\"alignnone size-full wp-image-19424\" src=\"https:\/\/ronicy.net\/wp-content\/uploads\/2023\/05\/1.jpg\" alt=\"\" width=\"1920\" height=\"1080\" srcset=\"https:\/\/ronicy.net\/wp-content\/uploads\/2023\/05\/1.jpg 1920w, https:\/\/ronicy.net\/wp-content\/uploads\/2023\/05\/1-300x169.jpg 300w, https:\/\/ronicy.net\/wp-content\/uploads\/2023\/05\/1-1024x576.jpg 1024w, https:\/\/ronicy.net\/wp-content\/uploads\/2023\/05\/1-768x432.jpg 768w, https:\/\/ronicy.net\/wp-content\/uploads\/2023\/05\/1-600x338.jpg 600w, https:\/\/ronicy.net\/wp-content\/uploads\/2023\/05\/1-1536x864.jpg 1536w, https:\/\/ronicy.net\/wp-content\/uploads\/2023\/05\/1-1300x731.jpg 1300w\" sizes=\"(max-width: 1920px) 100vw, 1920px\" \/><\/p>\n","protected":false},"excerpt":{"rendered":"<ul>\n<li>4,5 ml&#8217;den 30 ml&#8217;ye kadar kapasite<\/li>\n<li>Tek par\u00e7a piston<\/li>\n<li>Ultra kaygan g\u00f6vde ve piston<\/li>\n<li>M\u00fckemmel s\u0131zd\u0131rmazl\u0131k ve tek elle a\u00e7abilme<\/li>\n<li>Son derece hassas dozajlama i\u00e7in dozaj halkas\u0131<\/li>\n<li>G\u00f6vde \u00fczerine \u00fc\u00e7 renge kadar bask\u0131 imkan\u0131<\/li>\n<\/ul>\n","protected":false},"featured_media":19425,"comment_status":"open","ping_status":"closed","template":"","meta":[],"product_brand":[],"product_cat":[147,144],"product_tag":[],"class_list":{"0":"post-19423","1":"product","2":"type-product","3":"status-publish","4":"has-post-thumbnail","6":"product_cat-inekmeme","7":"product_cat-veteriner","9":"first","10":"instock","11":"shipping-taxable","12":"product-type-simple","13":"add-to-wishlist-after_add_to_cart"},"yoast_head":"<!-- This site is optimized with the Yoast SEO plugin v27.4 - https:\/\/yoast.com\/product\/yoast-seo-wordpress\/ -->\n<title>Meme \u0130\u00e7i \u015e\u0131r\u0131nga \/ Meme T\u00fcp\u00fc - Ronicy<\/title>\n<meta name=\"robots\" content=\"index, follow, max-snippet:-1, max-image-preview:large, max-video-preview:-1\" \/>\n<link rel=\"canonical\" href=\"https:\/\/ronicy.net\/?product=meme-ici-siringa-meme-tupu\" \/>\n<meta property=\"og:locale\" content=\"tr_TR\" \/>\n<meta property=\"og:type\" content=\"article\" \/>\n<meta property=\"og:title\" content=\"Meme \u0130\u00e7i \u015e\u0131r\u0131nga \/ Meme T\u00fcp\u00fc - Ronicy\" \/>\n<meta property=\"og:description\" content=\"4,5 ml&#039;den 30 ml&#039;ye kadar kapasite  Tek par\u00e7a piston  Ultra kaygan g\u00f6vde ve piston  M\u00fckemmel s\u0131zd\u0131rmazl\u0131k ve tek elle a\u00e7abilme  Son derece hassas dozajlama i\u00e7in dozaj halkas\u0131  G\u00f6vde \u00fczerine \u00fc\u00e7 renge kadar bask\u0131 imkan\u0131\" \/>\n<meta property=\"og:url\" content=\"https:\/\/ronicy.net\/?product=meme-ici-siringa-meme-tupu\" \/>\n<meta property=\"og:site_name\" content=\"Ronicy\" \/>\n<meta property=\"article:modified_time\" content=\"2023-05-18T10:46:56+00:00\" \/>\n<meta property=\"og:image\" content=\"https:\/\/ronicy.net\/wp-content\/uploads\/2023\/05\/Ronicy-intramammary-1.png\" \/>\n\t<meta property=\"og:image:width\" content=\"1000\" \/>\n\t<meta property=\"og:image:height\" content=\"1000\" \/>\n\t<meta property=\"og:image:type\" content=\"image\/png\" \/>\n<meta name=\"twitter:card\" content=\"summary_large_image\" \/>\n<script type=\"application\/ld+json\" class=\"yoast-schema-graph\">{\"@context\":\"https:\\\/\\\/schema.org\",\"@graph\":[{\"@type\":\"WebPage\",\"@id\":\"https:\\\/\\\/ronicy.net\\\/?product=meme-ici-siringa-meme-tupu\",\"url\":\"https:\\\/\\\/ronicy.net\\\/?product=meme-ici-siringa-meme-tupu\",\"name\":\"Meme \u0130\u00e7i \u015e\u0131r\u0131nga \\\/ Meme T\u00fcp\u00fc - Ronicy\",\"isPartOf\":{\"@id\":\"https:\\\/\\\/ronicy.net\\\/#website\"},\"primaryImageOfPage\":{\"@id\":\"https:\\\/\\\/ronicy.net\\\/?product=meme-ici-siringa-meme-tupu#primaryimage\"},\"image\":{\"@id\":\"https:\\\/\\\/ronicy.net\\\/?product=meme-ici-siringa-meme-tupu#primaryimage\"},\"thumbnailUrl\":\"https:\\\/\\\/ronicy.net\\\/wp-content\\\/uploads\\\/2023\\\/05\\\/Ronicy-intramammary-1.png\",\"datePublished\":\"2023-05-18T10:35:52+00:00\",\"dateModified\":\"2023-05-18T10:46:56+00:00\",\"breadcrumb\":{\"@id\":\"https:\\\/\\\/ronicy.net\\\/?product=meme-ici-siringa-meme-tupu#breadcrumb\"},\"inLanguage\":\"tr\",\"potentialAction\":[{\"@type\":\"ReadAction\",\"target\":[\"https:\\\/\\\/ronicy.net\\\/?product=meme-ici-siringa-meme-tupu\"]}]},{\"@type\":\"ImageObject\",\"inLanguage\":\"tr\",\"@id\":\"https:\\\/\\\/ronicy.net\\\/?product=meme-ici-siringa-meme-tupu#primaryimage\",\"url\":\"https:\\\/\\\/ronicy.net\\\/wp-content\\\/uploads\\\/2023\\\/05\\\/Ronicy-intramammary-1.png\",\"contentUrl\":\"https:\\\/\\\/ronicy.net\\\/wp-content\\\/uploads\\\/2023\\\/05\\\/Ronicy-intramammary-1.png\",\"width\":1000,\"height\":1000},{\"@type\":\"BreadcrumbList\",\"@id\":\"https:\\\/\\\/ronicy.net\\\/?product=meme-ici-siringa-meme-tupu#breadcrumb\",\"itemListElement\":[{\"@type\":\"ListItem\",\"position\":1,\"name\":\"Anasayfa\",\"item\":\"https:\\\/\\\/ronicy.net\\\/\"},{\"@type\":\"ListItem\",\"position\":2,\"name\":\"T\u00fcm \u00dcr\u00fcnler\",\"item\":\"https:\\\/\\\/ronicy.net\\\/?page_id=51\"},{\"@type\":\"ListItem\",\"position\":3,\"name\":\"Meme \u0130\u00e7i \u015e\u0131r\u0131nga \\\/ Meme T\u00fcp\u00fc\"}]},{\"@type\":\"WebSite\",\"@id\":\"https:\\\/\\\/ronicy.net\\\/#website\",\"url\":\"https:\\\/\\\/ronicy.net\\\/\",\"name\":\"Kozmetik Ambalaj \u00c7\u00f6z\u00fcmleri | Ronicy Premium Pack\",\"description\":\"Premium Segment Ambalaj \u00c7\u00f6z\u00fcmleri\",\"publisher\":{\"@id\":\"https:\\\/\\\/ronicy.net\\\/#organization\"},\"potentialAction\":[{\"@type\":\"SearchAction\",\"target\":{\"@type\":\"EntryPoint\",\"urlTemplate\":\"https:\\\/\\\/ronicy.net\\\/?s={search_term_string}\"},\"query-input\":{\"@type\":\"PropertyValueSpecification\",\"valueRequired\":true,\"valueName\":\"search_term_string\"}}],\"inLanguage\":\"tr\"},{\"@type\":\"Organization\",\"@id\":\"https:\\\/\\\/ronicy.net\\\/#organization\",\"name\":\"Ronicy Premium Pack\",\"url\":\"https:\\\/\\\/ronicy.net\\\/\",\"logo\":{\"@type\":\"ImageObject\",\"inLanguage\":\"tr\",\"@id\":\"https:\\\/\\\/ronicy.net\\\/#\\\/schema\\\/logo\\\/image\\\/\",\"url\":\"https:\\\/\\\/ronicy.net\\\/wp-content\\\/uploads\\\/2025\\\/10\\\/Ronicy-Logoo.jpg\",\"contentUrl\":\"https:\\\/\\\/ronicy.net\\\/wp-content\\\/uploads\\\/2025\\\/10\\\/Ronicy-Logoo.jpg\",\"width\":1000,\"height\":400,\"caption\":\"Ronicy Premium Pack\"},\"image\":{\"@id\":\"https:\\\/\\\/ronicy.net\\\/#\\\/schema\\\/logo\\\/image\\\/\"},\"sameAs\":[\"https:\\\/\\\/www.instagram.com\\\/ronicy_pack\\\/\"]}]}<\/script>\n<!-- \/ Yoast SEO plugin. -->","yoast_head_json":{"title":"Meme \u0130\u00e7i \u015e\u0131r\u0131nga \/ Meme T\u00fcp\u00fc - Ronicy","robots":{"index":"index","follow":"follow","max-snippet":"max-snippet:-1","max-image-preview":"max-image-preview:large","max-video-preview":"max-video-preview:-1"},"canonical":"https:\/\/ronicy.net\/?product=meme-ici-siringa-meme-tupu","og_locale":"tr_TR","og_type":"article","og_title":"Meme \u0130\u00e7i \u015e\u0131r\u0131nga \/ Meme T\u00fcp\u00fc - Ronicy","og_description":"4,5 ml'den 30 ml'ye kadar kapasite  Tek par\u00e7a piston  Ultra kaygan g\u00f6vde ve piston  M\u00fckemmel s\u0131zd\u0131rmazl\u0131k ve tek elle a\u00e7abilme  Son derece hassas dozajlama i\u00e7in dozaj halkas\u0131  G\u00f6vde \u00fczerine \u00fc\u00e7 renge kadar bask\u0131 imkan\u0131","og_url":"https:\/\/ronicy.net\/?product=meme-ici-siringa-meme-tupu","og_site_name":"Ronicy","article_modified_time":"2023-05-18T10:46:56+00:00","og_image":[{"width":1000,"height":1000,"url":"https:\/\/ronicy.net\/wp-content\/uploads\/2023\/05\/Ronicy-intramammary-1.png","type":"image\/png"}],"twitter_card":"summary_large_image","schema":{"@context":"https:\/\/schema.org","@graph":[{"@type":"WebPage","@id":"https:\/\/ronicy.net\/?product=meme-ici-siringa-meme-tupu","url":"https:\/\/ronicy.net\/?product=meme-ici-siringa-meme-tupu","name":"Meme \u0130\u00e7i \u015e\u0131r\u0131nga \/ Meme T\u00fcp\u00fc - Ronicy","isPartOf":{"@id":"https:\/\/ronicy.net\/#website"},"primaryImageOfPage":{"@id":"https:\/\/ronicy.net\/?product=meme-ici-siringa-meme-tupu#primaryimage"},"image":{"@id":"https:\/\/ronicy.net\/?product=meme-ici-siringa-meme-tupu#primaryimage"},"thumbnailUrl":"https:\/\/ronicy.net\/wp-content\/uploads\/2023\/05\/Ronicy-intramammary-1.png","datePublished":"2023-05-18T10:35:52+00:00","dateModified":"2023-05-18T10:46:56+00:00","breadcrumb":{"@id":"https:\/\/ronicy.net\/?product=meme-ici-siringa-meme-tupu#breadcrumb"},"inLanguage":"tr","potentialAction":[{"@type":"ReadAction","target":["https:\/\/ronicy.net\/?product=meme-ici-siringa-meme-tupu"]}]},{"@type":"ImageObject","inLanguage":"tr","@id":"https:\/\/ronicy.net\/?product=meme-ici-siringa-meme-tupu#primaryimage","url":"https:\/\/ronicy.net\/wp-content\/uploads\/2023\/05\/Ronicy-intramammary-1.png","contentUrl":"https:\/\/ronicy.net\/wp-content\/uploads\/2023\/05\/Ronicy-intramammary-1.png","width":1000,"height":1000},{"@type":"BreadcrumbList","@id":"https:\/\/ronicy.net\/?product=meme-ici-siringa-meme-tupu#breadcrumb","itemListElement":[{"@type":"ListItem","position":1,"name":"Anasayfa","item":"https:\/\/ronicy.net\/"},{"@type":"ListItem","position":2,"name":"T\u00fcm \u00dcr\u00fcnler","item":"https:\/\/ronicy.net\/?page_id=51"},{"@type":"ListItem","position":3,"name":"Meme \u0130\u00e7i \u015e\u0131r\u0131nga \/ Meme T\u00fcp\u00fc"}]},{"@type":"WebSite","@id":"https:\/\/ronicy.net\/#website","url":"https:\/\/ronicy.net\/","name":"Kozmetik Ambalaj \u00c7\u00f6z\u00fcmleri | Ronicy Premium Pack","description":"Premium Segment Ambalaj \u00c7\u00f6z\u00fcmleri","publisher":{"@id":"https:\/\/ronicy.net\/#organization"},"potentialAction":[{"@type":"SearchAction","target":{"@type":"EntryPoint","urlTemplate":"https:\/\/ronicy.net\/?s={search_term_string}"},"query-input":{"@type":"PropertyValueSpecification","valueRequired":true,"valueName":"search_term_string"}}],"inLanguage":"tr"},{"@type":"Organization","@id":"https:\/\/ronicy.net\/#organization","name":"Ronicy Premium Pack","url":"https:\/\/ronicy.net\/","logo":{"@type":"ImageObject","inLanguage":"tr","@id":"https:\/\/ronicy.net\/#\/schema\/logo\/image\/","url":"https:\/\/ronicy.net\/wp-content\/uploads\/2025\/10\/Ronicy-Logoo.jpg","contentUrl":"https:\/\/ronicy.net\/wp-content\/uploads\/2025\/10\/Ronicy-Logoo.jpg","width":1000,"height":400,"caption":"Ronicy Premium Pack"},"image":{"@id":"https:\/\/ronicy.net\/#\/schema\/logo\/image\/"},"sameAs":["https:\/\/www.instagram.com\/ronicy_pack\/"]}]}},"_links":{"self":[{"href":"https:\/\/ronicy.net\/index.php?rest_route=\/wp\/v2\/product\/19423","targetHints":{"allow":["GET"]}}],"collection":[{"href":"https:\/\/ronicy.net\/index.php?rest_route=\/wp\/v2\/product"}],"about":[{"href":"https:\/\/ronicy.net\/index.php?rest_route=\/wp\/v2\/types\/product"}],"replies":[{"embeddable":true,"href":"https:\/\/ronicy.net\/index.php?rest_route=%2Fwp%2Fv2%2Fcomments&post=19423"}],"wp:featuredmedia":[{"embeddable":true,"href":"https:\/\/ronicy.net\/index.php?rest_route=\/wp\/v2\/media\/19425"}],"wp:attachment":[{"href":"https:\/\/ronicy.net\/index.php?rest_route=%2Fwp%2Fv2%2Fmedia&parent=19423"}],"wp:term":[{"taxonomy":"product_brand","embeddable":true,"href":"https:\/\/ronicy.net\/index.php?rest_route=%2Fwp%2Fv2%2Fproduct_brand&post=19423"},{"taxonomy":"product_cat","embeddable":true,"href":"https:\/\/ronicy.net\/index.php?rest_route=%2Fwp%2Fv2%2Fproduct_cat&post=19423"},{"taxonomy":"product_tag","embeddable":true,"href":"https:\/\/ronicy.net\/index.php?rest_route=%2Fwp%2Fv2%2Fproduct_tag&post=19423"}],"curies":[{"name":"wp","href":"https:\/\/api.w.org\/{rel}","templated":true}]}}