{"id":2,"date":"2023-05-13T22:13:03","date_gmt":"2023-05-13T19:13:03","guid":{"rendered":"http:\/\/ronicy.net\/?page_id=2"},"modified":"2023-05-17T22:05:24","modified_gmt":"2023-05-17T19:05:24","slug":"ithalat","status":"publish","type":"page","link":"https:\/\/ronicy.net\/?page_id=2","title":{"rendered":"\u0130thalat Konusunda U\u00e7tan Uca Hizmet"},"content":{"rendered":"\t\t<div data-elementor-type=\"wp-page\" data-elementor-id=\"2\" class=\"elementor elementor-2\">\n\t\t\t\t\t\t<section class=\"elementor-section elementor-top-section elementor-element elementor-element-482624d7 elementor-section-boxed elementor-section-height-default elementor-section-height-default\" data-id=\"482624d7\" data-element_type=\"section\" data-e-type=\"section\">\n\t\t\t\t\t\t<div class=\"elementor-container elementor-column-gap-default\">\n\t\t\t\t\t<div class=\"elementor-column elementor-col-100 elementor-top-column elementor-element elementor-element-13234d6\" data-id=\"13234d6\" data-element_type=\"column\" data-e-type=\"column\">\n\t\t\t<div class=\"elementor-widget-wrap elementor-element-populated\">\n\t\t\t\t\t\t<div class=\"elementor-element elementor-element-84d9e15 elementor-widget elementor-widget-text-editor\" data-id=\"84d9e15\" data-element_type=\"widget\" data-e-type=\"widget\" data-widget_type=\"text-editor.default\">\n\t\t\t\t<div class=\"elementor-widget-container\">\n\t\t\t\t\t\t\t\t\t\n<p>Firmam\u0131z, 2017 y\u0131l\u0131ndan bu yana \u00e7e\u015fitli sekt\u00f6rlerde ithalat ve ihracat faaliyetleri ger\u00e7ekle\u015ftiren bir kurulu\u015ftur. Ningbo Kenti&#8217;nde bulunan ofisimiz, m\u00fc\u015fterilerimize kapsaml\u0131 hizmetler sunarak her t\u00fcrl\u00fc \u00fcr\u00fcn\u00fc bulup getirme, g\u00fcmr\u00fck i\u015flemlerini tamamlama ve deponuza teslim etme konular\u0131nda uzmanla\u015fm\u0131\u015ft\u0131r.<\/p>\n\n\n\n<p>M\u00fc\u015fteri memnuniyetini her zaman \u00f6nceli\u011fimiz olarak g\u00f6rd\u00fc\u011f\u00fcm\u00fcz i\u00e7in, geni\u015f bir \u00fcr\u00fcn yelpazesine eri\u015fim sa\u011flamak i\u00e7in s\u00fcrekli olarak \u00e7al\u0131\u015fmaktay\u0131z. K\u00fcresel ticaretin dinamiklerini yak\u0131ndan takip ediyor ve en iyi kaynaklar\u0131 kullanarak m\u00fc\u015fterilerimize en kaliteli \u00fcr\u00fcnleri temin ediyoruz. \u0130thalat ve ihracat alan\u0131ndaki deneyimimiz sayesinde, m\u00fc\u015fterilerimize g\u00fcvenilir ve uygun fiyatl\u0131 \u00fcr\u00fcnler sunma konusunda g\u00fc\u00e7l\u00fc bir konumday\u0131z.<\/p>\n\n\n\n<p>Ofisimizin bulundu\u011fu Ningbo Kenti, \u00c7in&#8217;in en \u00f6nemli limanlar\u0131ndan biridir ve k\u00fcresel ticaretin kalbinde yer almaktad\u0131r. Bu stratejik konum, tedarik zincirimizi optimize etmemizi ve d\u00fcnya genelindeki m\u00fc\u015fterilere h\u0131zl\u0131 ve etkili hizmet sunmam\u0131z\u0131 sa\u011flamaktad\u0131r. Ayr\u0131ca, i\u015fbirli\u011fi yapt\u0131\u011f\u0131m\u0131z g\u00fcvenilir nakliye firmalar\u0131 ve lojistik \u015firketleri sayesinde, \u00fcr\u00fcnlerinizi en uygun \u015fekilde depolayarak g\u00fcvenli bir \u015fekilde teslim edebiliriz.<\/p>\n\n\n\n<p>G\u00fcmr\u00fck i\u015flemleri, ticaretin \u00f6nemli bir bile\u015fenidir ve bunlar\u0131 halletmek zaman al\u0131c\u0131 ve karma\u015f\u0131k olabilir. Firmam\u0131z, deneyimli ve uzman kadrosuyla g\u00fcmr\u00fck s\u00fcre\u00e7lerini kolayla\u015ft\u0131rarak sizin ad\u0131n\u0131za t\u00fcm i\u015fleri halleder. G\u00fcmr\u00fck prosed\u00fcrlerini do\u011fru bir \u015fekilde yerine getirir ve belgeleri eksiksiz olarak d\u00fczenleriz, b\u00f6ylece herhangi bir aksakl\u0131k veya gecikme olmadan \u00fcr\u00fcnleriniz zaman\u0131nda teslim edilir.<\/p>\n\n\n\n<p>Depolama ve lojistik konusunda da size yard\u0131mc\u0131 olmaktan mutluluk duyar\u0131z. G\u00fcvenli depolama alanlar\u0131na sahip oldu\u011fumuz i\u00e7in \u00fcr\u00fcnlerinizi dikkatlice saklar\u0131z ve istedi\u011finiz zaman talep etti\u011finiz yerlere g\u00fcvenle sevk ederiz. Bu \u015fekilde, stok y\u00f6netimi konusunda endi\u015felenmenize gerek kalmadan, i\u015finizin b\u00fcy\u00fcmesine odaklanabilirsiniz.<\/p>\n\n\n\n<p>Biz, m\u00fc\u015fterilerimize de\u011fer katan ve ba\u015far\u0131lar\u0131n\u0131 art\u0131ran bir ortak olmay\u0131 hedefleyen bir firmay\u0131z. Ningbo Kenti&#8217;ndeki ofisimiz, ithalat ve ihracat i\u015flemlerinizi sorunsuz bir \u015fekilde ger\u00e7ekle\u015ftirmenize yard\u0131mc\u0131 olacak uzman bir ekibe sahiptir. Siz de bize kat\u0131l\u0131n ve k\u00fcresel ticaretin getirdi\u011fi f\u0131rsatlardan en iyi \u015fekilde yararlan\u0131n!<\/p>\n\n\n\n<p>\u00dcr\u00fcn\u00fcn\u00fcz\u00fc Buluyoruz -> \u00c7indeki G\u00fcmr\u00fck \u0130\u015flemlerini Yap\u0131yoruz -> Gemi veya U\u00e7ak \u0130le Sevk Ediyoruz -> T\u00fcrkiyedeki G\u00fcmr\u00fck \u0130\u015flemlerini Hallediyoruz -> Deponuza Teslim Ediyoruz.<\/p>\n\n\n\n<p><\/p>\n\t\t\t\t\t\t\t\t<\/div>\n\t\t\t\t<\/div>\n\t\t\t\t\t<\/div>\n\t\t<\/div>\n\t\t\t\t\t<\/div>\n\t\t<\/section>\n\t\t\t\t<section class=\"elementor-section elementor-top-section elementor-element elementor-element-9095d9a elementor-section-boxed elementor-section-height-default elementor-section-height-default\" data-id=\"9095d9a\" data-element_type=\"section\" data-e-type=\"section\">\n\t\t\t\t\t\t<div class=\"elementor-container elementor-column-gap-default\">\n\t\t\t\t\t<div class=\"elementor-column elementor-col-100 elementor-top-column elementor-element elementor-element-aa915f0\" data-id=\"aa915f0\" data-element_type=\"column\" data-e-type=\"column\">\n\t\t\t<div class=\"elementor-widget-wrap elementor-element-populated\">\n\t\t\t\t\t\t<div class=\"elementor-element elementor-element-a9a49ac elementor-widget elementor-widget-image\" data-id=\"a9a49ac\" data-element_type=\"widget\" data-e-type=\"widget\" data-widget_type=\"image.default\">\n\t\t\t\t<div class=\"elementor-widget-container\">\n\t\t\t\t\t\t\t\t\t\t\t\t\t\t\t<img fetchpriority=\"high\" decoding=\"async\" width=\"300\" height=\"225\" src=\"https:\/\/ronicy.net\/wp-content\/uploads\/2023\/05\/ronicy-import-300x225.png\" class=\"attachment-medium size-medium wp-image-19377\" alt=\"\" srcset=\"https:\/\/ronicy.net\/wp-content\/uploads\/2023\/05\/ronicy-import-300x225.png 300w, https:\/\/ronicy.net\/wp-content\/uploads\/2023\/05\/ronicy-import.png 420w\" sizes=\"(max-width: 300px) 100vw, 300px\" \/>\t\t\t\t\t\t\t\t\t\t\t\t\t\t\t<\/div>\n\t\t\t\t<\/div>\n\t\t\t\t\t<\/div>\n\t\t<\/div>\n\t\t\t\t\t<\/div>\n\t\t<\/section>\n\t\t\t\t<\/div>\n\t\t","protected":false},"excerpt":{"rendered":"<p>Firmam\u0131z, 2017 y\u0131l\u0131ndan bu yana \u00e7e\u015fitli sekt\u00f6rlerde ithalat ve ihracat faaliyetleri ger\u00e7ekle\u015ftiren bir kurulu\u015ftur. Ningbo Kenti&#8217;nde bulunan ofisimiz, m\u00fc\u015fterilerimize kapsaml\u0131 hizmetler sunarak her t\u00fcrl\u00fc \u00fcr\u00fcn\u00fc bulup getirme, g\u00fcmr\u00fck i\u015flemlerini tamamlama ve deponuza teslim etme konular\u0131nda uzmanla\u015fm\u0131\u015ft\u0131r. M\u00fc\u015fteri memnuniyetini her zaman \u00f6nceli\u011fimiz olarak g\u00f6rd\u00fc\u011f\u00fcm\u00fcz i\u00e7in, geni\u015f bir \u00fcr\u00fcn yelpazesine eri\u015fim sa\u011flamak i\u00e7in s\u00fcrekli olarak \u00e7al\u0131\u015fmaktay\u0131z. K\u00fcresel [&hellip;]<\/p>\n","protected":false},"author":1,"featured_media":0,"parent":0,"menu_order":0,"comment_status":"closed","ping_status":"closed","template":"","meta":{"footnotes":""},"class_list":["post-2","page","type-page","status-publish","hentry"],"yoast_head":"<!-- This site is optimized with the Yoast SEO plugin v27.4 - https:\/\/yoast.com\/product\/yoast-seo-wordpress\/ -->\n<title>\u0130thalat Konusunda U\u00e7tan Uca Hizmet - Ronicy<\/title>\n<meta name=\"robots\" content=\"index, follow, max-snippet:-1, max-image-preview:large, max-video-preview:-1\" \/>\n<link rel=\"canonical\" href=\"https:\/\/ronicy.net\/?page_id=2\" \/>\n<meta property=\"og:locale\" content=\"tr_TR\" \/>\n<meta property=\"og:type\" content=\"article\" \/>\n<meta property=\"og:title\" content=\"\u0130thalat Konusunda U\u00e7tan Uca Hizmet - Ronicy\" \/>\n<meta property=\"og:description\" content=\"Firmam\u0131z, 2017 y\u0131l\u0131ndan bu yana \u00e7e\u015fitli sekt\u00f6rlerde ithalat ve ihracat faaliyetleri ger\u00e7ekle\u015ftiren bir kurulu\u015ftur. Ningbo Kenti&#8217;nde bulunan ofisimiz, m\u00fc\u015fterilerimize kapsaml\u0131 hizmetler sunarak her t\u00fcrl\u00fc \u00fcr\u00fcn\u00fc bulup getirme, g\u00fcmr\u00fck i\u015flemlerini tamamlama ve deponuza teslim etme konular\u0131nda uzmanla\u015fm\u0131\u015ft\u0131r. M\u00fc\u015fteri memnuniyetini her zaman \u00f6nceli\u011fimiz olarak g\u00f6rd\u00fc\u011f\u00fcm\u00fcz i\u00e7in, geni\u015f bir \u00fcr\u00fcn yelpazesine eri\u015fim sa\u011flamak i\u00e7in s\u00fcrekli olarak \u00e7al\u0131\u015fmaktay\u0131z. K\u00fcresel [&hellip;]\" \/>\n<meta property=\"og:url\" content=\"https:\/\/ronicy.net\/?page_id=2\" \/>\n<meta property=\"og:site_name\" content=\"Ronicy\" \/>\n<meta property=\"article:modified_time\" content=\"2023-05-17T19:05:24+00:00\" \/>\n<meta property=\"og:image\" content=\"http:\/\/ronicy.net\/wp-content\/uploads\/2023\/05\/ronicy-import-300x225.png\" \/>\n<meta name=\"twitter:card\" content=\"summary_large_image\" \/>\n<meta name=\"twitter:label1\" content=\"Tahmini okuma s\u00fcresi\" \/>\n\t<meta name=\"twitter:data1\" content=\"2 dakika\" \/>\n<script type=\"application\/ld+json\" class=\"yoast-schema-graph\">{\"@context\":\"https:\\\/\\\/schema.org\",\"@graph\":[{\"@type\":\"WebPage\",\"@id\":\"https:\\\/\\\/ronicy.net\\\/?page_id=2\",\"url\":\"https:\\\/\\\/ronicy.net\\\/?page_id=2\",\"name\":\"\u0130thalat Konusunda U\u00e7tan Uca Hizmet - Ronicy\",\"isPartOf\":{\"@id\":\"https:\\\/\\\/ronicy.net\\\/#website\"},\"primaryImageOfPage\":{\"@id\":\"https:\\\/\\\/ronicy.net\\\/?page_id=2#primaryimage\"},\"image\":{\"@id\":\"https:\\\/\\\/ronicy.net\\\/?page_id=2#primaryimage\"},\"thumbnailUrl\":\"http:\\\/\\\/ronicy.net\\\/wp-content\\\/uploads\\\/2023\\\/05\\\/ronicy-import-300x225.png\",\"datePublished\":\"2023-05-13T19:13:03+00:00\",\"dateModified\":\"2023-05-17T19:05:24+00:00\",\"breadcrumb\":{\"@id\":\"https:\\\/\\\/ronicy.net\\\/?page_id=2#breadcrumb\"},\"inLanguage\":\"tr\",\"potentialAction\":[{\"@type\":\"ReadAction\",\"target\":[\"https:\\\/\\\/ronicy.net\\\/?page_id=2\"]}]},{\"@type\":\"ImageObject\",\"inLanguage\":\"tr\",\"@id\":\"https:\\\/\\\/ronicy.net\\\/?page_id=2#primaryimage\",\"url\":\"http:\\\/\\\/ronicy.net\\\/wp-content\\\/uploads\\\/2023\\\/05\\\/ronicy-import-300x225.png\",\"contentUrl\":\"http:\\\/\\\/ronicy.net\\\/wp-content\\\/uploads\\\/2023\\\/05\\\/ronicy-import-300x225.png\"},{\"@type\":\"BreadcrumbList\",\"@id\":\"https:\\\/\\\/ronicy.net\\\/?page_id=2#breadcrumb\",\"itemListElement\":[{\"@type\":\"ListItem\",\"position\":1,\"name\":\"Anasayfa\",\"item\":\"https:\\\/\\\/ronicy.net\\\/\"},{\"@type\":\"ListItem\",\"position\":2,\"name\":\"\u0130thalat Konusunda U\u00e7tan Uca Hizmet\"}]},{\"@type\":\"WebSite\",\"@id\":\"https:\\\/\\\/ronicy.net\\\/#website\",\"url\":\"https:\\\/\\\/ronicy.net\\\/\",\"name\":\"Kozmetik Ambalaj \u00c7\u00f6z\u00fcmleri | Ronicy Premium Pack\",\"description\":\"Premium Segment Ambalaj \u00c7\u00f6z\u00fcmleri\",\"publisher\":{\"@id\":\"https:\\\/\\\/ronicy.net\\\/#organization\"},\"potentialAction\":[{\"@type\":\"SearchAction\",\"target\":{\"@type\":\"EntryPoint\",\"urlTemplate\":\"https:\\\/\\\/ronicy.net\\\/?s={search_term_string}\"},\"query-input\":{\"@type\":\"PropertyValueSpecification\",\"valueRequired\":true,\"valueName\":\"search_term_string\"}}],\"inLanguage\":\"tr\"},{\"@type\":\"Organization\",\"@id\":\"https:\\\/\\\/ronicy.net\\\/#organization\",\"name\":\"Ronicy Premium Pack\",\"url\":\"https:\\\/\\\/ronicy.net\\\/\",\"logo\":{\"@type\":\"ImageObject\",\"inLanguage\":\"tr\",\"@id\":\"https:\\\/\\\/ronicy.net\\\/#\\\/schema\\\/logo\\\/image\\\/\",\"url\":\"https:\\\/\\\/ronicy.net\\\/wp-content\\\/uploads\\\/2025\\\/10\\\/Ronicy-Logoo.jpg\",\"contentUrl\":\"https:\\\/\\\/ronicy.net\\\/wp-content\\\/uploads\\\/2025\\\/10\\\/Ronicy-Logoo.jpg\",\"width\":1000,\"height\":400,\"caption\":\"Ronicy Premium Pack\"},\"image\":{\"@id\":\"https:\\\/\\\/ronicy.net\\\/#\\\/schema\\\/logo\\\/image\\\/\"},\"sameAs\":[\"https:\\\/\\\/www.instagram.com\\\/ronicy_pack\\\/\"]}]}<\/script>\n<!-- \/ Yoast SEO plugin. -->","yoast_head_json":{"title":"\u0130thalat Konusunda U\u00e7tan Uca Hizmet - Ronicy","robots":{"index":"index","follow":"follow","max-snippet":"max-snippet:-1","max-image-preview":"max-image-preview:large","max-video-preview":"max-video-preview:-1"},"canonical":"https:\/\/ronicy.net\/?page_id=2","og_locale":"tr_TR","og_type":"article","og_title":"\u0130thalat Konusunda U\u00e7tan Uca Hizmet - Ronicy","og_description":"Firmam\u0131z, 2017 y\u0131l\u0131ndan bu yana \u00e7e\u015fitli sekt\u00f6rlerde ithalat ve ihracat faaliyetleri ger\u00e7ekle\u015ftiren bir kurulu\u015ftur. Ningbo Kenti&#8217;nde bulunan ofisimiz, m\u00fc\u015fterilerimize kapsaml\u0131 hizmetler sunarak her t\u00fcrl\u00fc \u00fcr\u00fcn\u00fc bulup getirme, g\u00fcmr\u00fck i\u015flemlerini tamamlama ve deponuza teslim etme konular\u0131nda uzmanla\u015fm\u0131\u015ft\u0131r. M\u00fc\u015fteri memnuniyetini her zaman \u00f6nceli\u011fimiz olarak g\u00f6rd\u00fc\u011f\u00fcm\u00fcz i\u00e7in, geni\u015f bir \u00fcr\u00fcn yelpazesine eri\u015fim sa\u011flamak i\u00e7in s\u00fcrekli olarak \u00e7al\u0131\u015fmaktay\u0131z. K\u00fcresel [&hellip;]","og_url":"https:\/\/ronicy.net\/?page_id=2","og_site_name":"Ronicy","article_modified_time":"2023-05-17T19:05:24+00:00","og_image":[{"url":"http:\/\/ronicy.net\/wp-content\/uploads\/2023\/05\/ronicy-import-300x225.png","type":"","width":"","height":""}],"twitter_card":"summary_large_image","twitter_misc":{"Tahmini okuma s\u00fcresi":"2 dakika"},"schema":{"@context":"https:\/\/schema.org","@graph":[{"@type":"WebPage","@id":"https:\/\/ronicy.net\/?page_id=2","url":"https:\/\/ronicy.net\/?page_id=2","name":"\u0130thalat Konusunda U\u00e7tan Uca Hizmet - Ronicy","isPartOf":{"@id":"https:\/\/ronicy.net\/#website"},"primaryImageOfPage":{"@id":"https:\/\/ronicy.net\/?page_id=2#primaryimage"},"image":{"@id":"https:\/\/ronicy.net\/?page_id=2#primaryimage"},"thumbnailUrl":"http:\/\/ronicy.net\/wp-content\/uploads\/2023\/05\/ronicy-import-300x225.png","datePublished":"2023-05-13T19:13:03+00:00","dateModified":"2023-05-17T19:05:24+00:00","breadcrumb":{"@id":"https:\/\/ronicy.net\/?page_id=2#breadcrumb"},"inLanguage":"tr","potentialAction":[{"@type":"ReadAction","target":["https:\/\/ronicy.net\/?page_id=2"]}]},{"@type":"ImageObject","inLanguage":"tr","@id":"https:\/\/ronicy.net\/?page_id=2#primaryimage","url":"http:\/\/ronicy.net\/wp-content\/uploads\/2023\/05\/ronicy-import-300x225.png","contentUrl":"http:\/\/ronicy.net\/wp-content\/uploads\/2023\/05\/ronicy-import-300x225.png"},{"@type":"BreadcrumbList","@id":"https:\/\/ronicy.net\/?page_id=2#breadcrumb","itemListElement":[{"@type":"ListItem","position":1,"name":"Anasayfa","item":"https:\/\/ronicy.net\/"},{"@type":"ListItem","position":2,"name":"\u0130thalat Konusunda U\u00e7tan Uca Hizmet"}]},{"@type":"WebSite","@id":"https:\/\/ronicy.net\/#website","url":"https:\/\/ronicy.net\/","name":"Kozmetik Ambalaj \u00c7\u00f6z\u00fcmleri | Ronicy Premium Pack","description":"Premium Segment Ambalaj \u00c7\u00f6z\u00fcmleri","publisher":{"@id":"https:\/\/ronicy.net\/#organization"},"potentialAction":[{"@type":"SearchAction","target":{"@type":"EntryPoint","urlTemplate":"https:\/\/ronicy.net\/?s={search_term_string}"},"query-input":{"@type":"PropertyValueSpecification","valueRequired":true,"valueName":"search_term_string"}}],"inLanguage":"tr"},{"@type":"Organization","@id":"https:\/\/ronicy.net\/#organization","name":"Ronicy Premium Pack","url":"https:\/\/ronicy.net\/","logo":{"@type":"ImageObject","inLanguage":"tr","@id":"https:\/\/ronicy.net\/#\/schema\/logo\/image\/","url":"https:\/\/ronicy.net\/wp-content\/uploads\/2025\/10\/Ronicy-Logoo.jpg","contentUrl":"https:\/\/ronicy.net\/wp-content\/uploads\/2025\/10\/Ronicy-Logoo.jpg","width":1000,"height":400,"caption":"Ronicy Premium Pack"},"image":{"@id":"https:\/\/ronicy.net\/#\/schema\/logo\/image\/"},"sameAs":["https:\/\/www.instagram.com\/ronicy_pack\/"]}]}},"_links":{"self":[{"href":"https:\/\/ronicy.net\/index.php?rest_route=\/wp\/v2\/pages\/2","targetHints":{"allow":["GET"]}}],"collection":[{"href":"https:\/\/ronicy.net\/index.php?rest_route=\/wp\/v2\/pages"}],"about":[{"href":"https:\/\/ronicy.net\/index.php?rest_route=\/wp\/v2\/types\/page"}],"author":[{"embeddable":true,"href":"https:\/\/ronicy.net\/index.php?rest_route=\/wp\/v2\/users\/1"}],"replies":[{"embeddable":true,"href":"https:\/\/ronicy.net\/index.php?rest_route=%2Fwp%2Fv2%2Fcomments&post=2"}],"version-history":[{"count":7,"href":"https:\/\/ronicy.net\/index.php?rest_route=\/wp\/v2\/pages\/2\/revisions"}],"predecessor-version":[{"id":19380,"href":"https:\/\/ronicy.net\/index.php?rest_route=\/wp\/v2\/pages\/2\/revisions\/19380"}],"wp:attachment":[{"href":"https:\/\/ronicy.net\/index.php?rest_route=%2Fwp%2Fv2%2Fmedia&parent=2"}],"curies":[{"name":"wp","href":"https:\/\/api.w.org\/{rel}","templated":true}]}}