{"id":1613,"date":"2015-02-03T14:49:09","date_gmt":"2015-02-03T11:49:09","guid":{"rendered":"http:\/\/ronicy.net\/?page_id=1613"},"modified":"2025-10-10T23:08:40","modified_gmt":"2025-10-10T20:08:40","slug":"iletisim","status":"publish","type":"page","link":"https:\/\/ronicy.net\/?page_id=1613","title":{"rendered":"\u0130letisim"},"content":{"rendered":"\t\t<div data-elementor-type=\"wp-page\" data-elementor-id=\"1613\" class=\"elementor elementor-1613\">\n\t\t\t\t\t\t<section class=\"elementor-section elementor-top-section elementor-element elementor-element-81c615e elementor-section-boxed elementor-section-height-default elementor-section-height-default\" data-id=\"81c615e\" data-element_type=\"section\" data-e-type=\"section\">\n\t\t\t\t\t\t<div class=\"elementor-container elementor-column-gap-default\">\n\t\t\t\t\t<div class=\"elementor-column elementor-col-100 elementor-top-column elementor-element elementor-element-1187797\" data-id=\"1187797\" data-element_type=\"column\" data-e-type=\"column\">\n\t\t\t<div class=\"elementor-widget-wrap elementor-element-populated\">\n\t\t\t\t\t\t<div class=\"elementor-element elementor-element-f0ce027 elementor-widget elementor-widget-text-editor\" data-id=\"f0ce027\" data-element_type=\"widget\" data-e-type=\"widget\" data-widget_type=\"text-editor.default\">\n\t\t\t\t<div class=\"elementor-widget-container\">\n\t\t\t\t\t\t\t\t\t<h3>Ofislerimiz<\/h3>\t\t\t\t\t\t\t\t<\/div>\n\t\t\t\t<\/div>\n\t\t\t\t\t<\/div>\n\t\t<\/div>\n\t\t\t\t\t<\/div>\n\t\t<\/section>\n\t\t\t\t<section class=\"elementor-section elementor-top-section elementor-element elementor-element-d706acf elementor-section-boxed elementor-section-height-default elementor-section-height-default\" data-id=\"d706acf\" data-element_type=\"section\" data-e-type=\"section\">\n\t\t\t\t\t\t<div class=\"elementor-container elementor-column-gap-default\">\n\t\t\t\t\t<div class=\"elementor-column elementor-col-33 elementor-top-column elementor-element elementor-element-346b4da\" data-id=\"346b4da\" data-element_type=\"column\" data-e-type=\"column\">\n\t\t\t<div class=\"elementor-widget-wrap elementor-element-populated\">\n\t\t\t\t\t\t<div class=\"elementor-element elementor-element-b58dcbc elementor-widget elementor-widget-heading\" data-id=\"b58dcbc\" data-element_type=\"widget\" data-e-type=\"widget\" data-widget_type=\"heading.default\">\n\t\t\t\t<div class=\"elementor-widget-container\">\n\t\t\t\t\t<h6 class=\"elementor-heading-title elementor-size-default\">Adres \/ Merkez - HQ<\/h6>\t\t\t\t<\/div>\n\t\t\t\t<\/div>\n\t\t\t\t<div class=\"elementor-element elementor-element-9cc974b elementor-widget__width-initial elementor-widget elementor-widget-text-editor\" data-id=\"9cc974b\" data-element_type=\"widget\" data-e-type=\"widget\" data-widget_type=\"text-editor.default\">\n\t\t\t\t<div class=\"elementor-widget-container\">\n\t\t\t\t\t\t\t\t\t<div><span style=\"letter-spacing: 0px; caret-color: #161616;\"><span style=\"color: #161616;\">G\u00fcll\u00fc Ba\u011flar Mah. Mazhar Sok. No:27\/B Pendik &#8211; \u0130stanbul &#8211; T\u00fcrkiye<\/span><\/span><\/div><div><span style=\"color: #a20401; letter-spacing: 0px;\">+90 549 345 60 40<\/span><\/div><div style=\"color: #a20401;\">+90 537 453 41 41<\/div>\t\t\t\t\t\t\t\t<\/div>\n\t\t\t\t<\/div>\n\t\t\t\t<div class=\"elementor-element elementor-element-f1d1191 elementor-widget-divider--view-line elementor-widget elementor-widget-divider\" data-id=\"f1d1191\" data-element_type=\"widget\" data-e-type=\"widget\" data-widget_type=\"divider.default\">\n\t\t\t\t<div class=\"elementor-widget-container\">\n\t\t\t\t\t\t\t<div class=\"elementor-divider\">\n\t\t\t<span class=\"elementor-divider-separator\">\n\t\t\t\t\t\t<\/span>\n\t\t<\/div>\n\t\t\t\t\t\t<\/div>\n\t\t\t\t<\/div>\n\t\t\t\t<div class=\"elementor-element elementor-element-1ecdffa elementor-widget__width-initial elementor-widget elementor-widget-text-editor\" data-id=\"1ecdffa\" data-element_type=\"widget\" data-e-type=\"widget\" data-widget_type=\"text-editor.default\">\n\t\t\t\t<div class=\"elementor-widget-container\">\n\t\t\t\t\t\t\t\t\t<div style=\"color: #999999;\">Pazartesi \u2013 Cuma : 9:00 \u2013 18:00<\/div><div style=\"color: #999999;\">Cumartesi : 09:00 \u2013 15:00<\/div>\t\t\t\t\t\t\t\t<\/div>\n\t\t\t\t<\/div>\n\t\t\t\t\t<\/div>\n\t\t<\/div>\n\t\t\t\t<div class=\"elementor-column elementor-col-33 elementor-top-column elementor-element elementor-element-eea53e4\" data-id=\"eea53e4\" data-element_type=\"column\" data-e-type=\"column\">\n\t\t\t<div class=\"elementor-widget-wrap elementor-element-populated\">\n\t\t\t\t\t\t<div class=\"elementor-element elementor-element-1cc1fbb elementor-widget elementor-widget-heading\" data-id=\"1cc1fbb\" data-element_type=\"widget\" data-e-type=\"widget\" data-widget_type=\"heading.default\">\n\t\t\t\t<div class=\"elementor-widget-container\">\n\t\t\t\t\t<h6 class=\"elementor-heading-title elementor-size-default\">Adres 2 \/ \u00dcretim - Factory<\/h6>\t\t\t\t<\/div>\n\t\t\t\t<\/div>\n\t\t\t\t<div class=\"elementor-element elementor-element-681cc13 elementor-widget__width-initial elementor-widget elementor-widget-text-editor\" data-id=\"681cc13\" data-element_type=\"widget\" data-e-type=\"widget\" data-widget_type=\"text-editor.default\">\n\t\t\t\t<div class=\"elementor-widget-container\">\n\t\t\t\t\t\t\t\t\t<div><span style=\"letter-spacing: 0px; caret-color: #161616;\"><span style=\"color: #161616;\">Tuzla Organize Sanayi B\u00f6lgesi<\/span><\/span><\/div><div><span style=\"color: #a20401; letter-spacing: 0px;\">+90 549 345 60 40<\/span><\/div>\t\t\t\t\t\t\t\t<\/div>\n\t\t\t\t<\/div>\n\t\t\t\t<div class=\"elementor-element elementor-element-a096efa elementor-widget-divider--view-line elementor-widget elementor-widget-divider\" data-id=\"a096efa\" data-element_type=\"widget\" data-e-type=\"widget\" data-widget_type=\"divider.default\">\n\t\t\t\t<div class=\"elementor-widget-container\">\n\t\t\t\t\t\t\t<div class=\"elementor-divider\">\n\t\t\t<span class=\"elementor-divider-separator\">\n\t\t\t\t\t\t<\/span>\n\t\t<\/div>\n\t\t\t\t\t\t<\/div>\n\t\t\t\t<\/div>\n\t\t\t\t<div class=\"elementor-element elementor-element-33d339f elementor-widget__width-initial elementor-widget elementor-widget-text-editor\" data-id=\"33d339f\" data-element_type=\"widget\" data-e-type=\"widget\" data-widget_type=\"text-editor.default\">\n\t\t\t\t<div class=\"elementor-widget-container\">\n\t\t\t\t\t\t\t\t\t<div style=\"color: #999999;\"><div style=\"color: #999999;\"><div>Pazartesi \u2013 Cuma : 9:00 \u2013 18:00<\/div><div>Cumartesi : 09:00 \u2013 15:00<\/div><\/div><\/div>\t\t\t\t\t\t\t\t<\/div>\n\t\t\t\t<\/div>\n\t\t\t\t\t<\/div>\n\t\t<\/div>\n\t\t\t\t<div class=\"elementor-column elementor-col-33 elementor-top-column elementor-element elementor-element-b0121e2\" data-id=\"b0121e2\" data-element_type=\"column\" data-e-type=\"column\">\n\t\t\t<div class=\"elementor-widget-wrap elementor-element-populated\">\n\t\t\t\t\t\t<div class=\"elementor-element elementor-element-5e6c880 elementor-widget elementor-widget-heading\" data-id=\"5e6c880\" data-element_type=\"widget\" data-e-type=\"widget\" data-widget_type=\"heading.default\">\n\t\t\t\t<div class=\"elementor-widget-container\">\n\t\t\t\t\t<h6 class=\"elementor-heading-title elementor-size-default\">Adress 3 \/ Greece<\/h6>\t\t\t\t<\/div>\n\t\t\t\t<\/div>\n\t\t\t\t<div class=\"elementor-element elementor-element-2b33660 elementor-widget__width-initial elementor-widget elementor-widget-text-editor\" data-id=\"2b33660\" data-element_type=\"widget\" data-e-type=\"widget\" data-widget_type=\"text-editor.default\">\n\t\t\t\t<div class=\"elementor-widget-container\">\n\t\t\t\t\t\t\t\t\t<div style=\"color: #161616;\">Thessaloniki &#8211; Greece<\/div><div><span style=\"color: #a20401;\">+30 698 584 6631<\/span><\/div>\t\t\t\t\t\t\t\t<\/div>\n\t\t\t\t<\/div>\n\t\t\t\t<div class=\"elementor-element elementor-element-cf82ba9 elementor-widget-divider--view-line elementor-widget elementor-widget-divider\" data-id=\"cf82ba9\" data-element_type=\"widget\" data-e-type=\"widget\" data-widget_type=\"divider.default\">\n\t\t\t\t<div class=\"elementor-widget-container\">\n\t\t\t\t\t\t\t<div class=\"elementor-divider\">\n\t\t\t<span class=\"elementor-divider-separator\">\n\t\t\t\t\t\t<\/span>\n\t\t<\/div>\n\t\t\t\t\t\t<\/div>\n\t\t\t\t<\/div>\n\t\t\t\t<div class=\"elementor-element elementor-element-d8c856c elementor-widget__width-initial elementor-widget elementor-widget-text-editor\" data-id=\"d8c856c\" data-element_type=\"widget\" data-e-type=\"widget\" data-widget_type=\"text-editor.default\">\n\t\t\t\t<div class=\"elementor-widget-container\">\n\t\t\t\t\t\t\t\t\t<div style=\"color: #999999;\"><div style=\"color: #999999;\">Monday \u2013 Friday : 9:00 \u2013 18:00<\/div><\/div>\t\t\t\t\t\t\t\t<\/div>\n\t\t\t\t<\/div>\n\t\t\t\t\t<\/div>\n\t\t<\/div>\n\t\t\t\t\t<\/div>\n\t\t<\/section>\n\t\t\t\t<section class=\"elementor-section elementor-top-section elementor-element elementor-element-d14dc47 elementor-section-boxed elementor-section-height-default elementor-section-height-default\" data-id=\"d14dc47\" data-element_type=\"section\" data-e-type=\"section\">\n\t\t\t\t\t\t<div class=\"elementor-container elementor-column-gap-default\">\n\t\t\t\t\t<div class=\"elementor-column elementor-col-100 elementor-top-column elementor-element elementor-element-009c05c\" data-id=\"009c05c\" data-element_type=\"column\" data-e-type=\"column\">\n\t\t\t<div class=\"elementor-widget-wrap elementor-element-populated\">\n\t\t\t\t\t\t<div class=\"elementor-element elementor-element-f798508 elementor-widget elementor-widget-text-editor\" data-id=\"f798508\" data-element_type=\"widget\" data-e-type=\"widget\" data-widget_type=\"text-editor.default\">\n\t\t\t\t<div class=\"elementor-widget-container\">\n\t\t\t\t\t\t\t\t\t<h3>Ronicy &#8211; Premium Segment Ambalaj \u00c7\u00f6z\u00fcmleri<\/h3>\t\t\t\t\t\t\t\t<\/div>\n\t\t\t\t<\/div>\n\t\t\t\t<div class=\"elementor-element elementor-element-dd1fb90 elementor-widget elementor-widget-text-editor\" data-id=\"dd1fb90\" data-element_type=\"widget\" data-e-type=\"widget\" data-widget_type=\"text-editor.default\">\n\t\t\t\t<div class=\"elementor-widget-container\">\n\t\t\t\t\t\t\t\t\t<p>\u0130leti\u015fime ge\u00e7mek , Soru Sormak veya Di\u011fer Talepleriniz \u0130\u00e7in Bizlerle \u0130leti\u015fime Ge\u00e7mekten \u00c7ekinmeyin<\/p>\t\t\t\t\t\t\t\t<\/div>\n\t\t\t\t<\/div>\n\t\t\t\t\t<\/div>\n\t\t<\/div>\n\t\t\t\t\t<\/div>\n\t\t<\/section>\n\t\t\t\t<section class=\"elementor-section elementor-top-section elementor-element elementor-element-e6dc959 elementor-section-full_width elementor-section-stretched elementor-section-height-default elementor-section-height-default\" data-id=\"e6dc959\" data-element_type=\"section\" data-e-type=\"section\" data-settings=\"{&quot;stretch_section&quot;:&quot;section-stretched&quot;}\">\n\t\t\t\t\t\t<div class=\"elementor-container elementor-column-gap-no\">\n\t\t\t\t\t<div class=\"elementor-column elementor-col-100 elementor-top-column elementor-element elementor-element-232c909\" data-id=\"232c909\" data-element_type=\"column\" data-e-type=\"column\">\n\t\t\t<div class=\"elementor-widget-wrap elementor-element-populated\">\n\t\t\t\t\t\t<div class=\"elementor-element elementor-element-a264027 elementor-widget elementor-widget-google_maps\" data-id=\"a264027\" data-element_type=\"widget\" data-e-type=\"widget\" data-widget_type=\"google_maps.default\">\n\t\t\t\t<div class=\"elementor-widget-container\">\n\t\t\t\t\t\t\t<div class=\"elementor-custom-embed\">\n\t\t\t<iframe loading=\"lazy\"\n\t\t\t\t\tsrc=\"https:\/\/maps.google.com\/maps?q=ronicy&#038;t=m&#038;z=13&#038;output=embed&#038;iwloc=near\"\n\t\t\t\t\ttitle=\"ronicy\"\n\t\t\t\t\taria-label=\"ronicy\"\n\t\t\t><\/iframe>\n\t\t<\/div>\n\t\t\t\t\t\t<\/div>\n\t\t\t\t<\/div>\n\t\t\t\t\t<\/div>\n\t\t<\/div>\n\t\t\t\t\t<\/div>\n\t\t<\/section>\n\t\t\t\t<\/div>\n\t\t","protected":false},"excerpt":{"rendered":"<p>Ofislerimiz Adres \/ Merkez &#8211; HQ G\u00fcll\u00fc Ba\u011flar Mah. Mazhar Sok. No:27\/B Pendik &#8211; \u0130stanbul &#8211; T\u00fcrkiye+90 549 345 60 40+90 537 453 41 41 Pazartesi \u2013 Cuma : 9:00 \u2013 18:00Cumartesi : 09:00 \u2013 15:00 Adres 2 \/ \u00dcretim &#8211; Factory Tuzla Organize Sanayi B\u00f6lgesi+90 549 345 60 40 Pazartesi \u2013 Cuma : 9:00 [&hellip;]<\/p>\n","protected":false},"author":1,"featured_media":0,"parent":0,"menu_order":0,"comment_status":"closed","ping_status":"closed","template":"","meta":{"footnotes":""},"class_list":["post-1613","page","type-page","status-publish","hentry"],"yoast_head":"<!-- This site is optimized with the Yoast SEO plugin v27.4 - https:\/\/yoast.com\/product\/yoast-seo-wordpress\/ -->\n<title>\u0130letisim - Ronicy<\/title>\n<meta name=\"robots\" content=\"index, follow, max-snippet:-1, max-image-preview:large, max-video-preview:-1\" \/>\n<link rel=\"canonical\" href=\"https:\/\/ronicy.net\/?page_id=1613\" \/>\n<meta property=\"og:locale\" content=\"tr_TR\" \/>\n<meta property=\"og:type\" content=\"article\" \/>\n<meta property=\"og:title\" content=\"\u0130letisim - Ronicy\" \/>\n<meta property=\"og:description\" content=\"Ofislerimiz Adres \/ Merkez &#8211; HQ G\u00fcll\u00fc Ba\u011flar Mah. Mazhar Sok. No:27\/B Pendik &#8211; \u0130stanbul &#8211; T\u00fcrkiye+90 549 345 60 40+90 537 453 41 41 Pazartesi \u2013 Cuma : 9:00 \u2013 18:00Cumartesi : 09:00 \u2013 15:00 Adres 2 \/ \u00dcretim &#8211; Factory Tuzla Organize Sanayi B\u00f6lgesi+90 549 345 60 40 Pazartesi \u2013 Cuma : 9:00 [&hellip;]\" \/>\n<meta property=\"og:url\" content=\"https:\/\/ronicy.net\/?page_id=1613\" \/>\n<meta property=\"og:site_name\" content=\"Ronicy\" \/>\n<meta property=\"article:modified_time\" content=\"2025-10-10T20:08:40+00:00\" \/>\n<meta name=\"twitter:card\" content=\"summary_large_image\" \/>\n<meta name=\"twitter:label1\" content=\"Tahmini okuma s\u00fcresi\" \/>\n\t<meta name=\"twitter:data1\" content=\"1 dakika\" \/>\n<script type=\"application\/ld+json\" class=\"yoast-schema-graph\">{\"@context\":\"https:\\\/\\\/schema.org\",\"@graph\":[{\"@type\":\"WebPage\",\"@id\":\"https:\\\/\\\/ronicy.net\\\/?page_id=1613\",\"url\":\"https:\\\/\\\/ronicy.net\\\/?page_id=1613\",\"name\":\"\u0130letisim - Ronicy\",\"isPartOf\":{\"@id\":\"https:\\\/\\\/ronicy.net\\\/#website\"},\"datePublished\":\"2015-02-03T11:49:09+00:00\",\"dateModified\":\"2025-10-10T20:08:40+00:00\",\"breadcrumb\":{\"@id\":\"https:\\\/\\\/ronicy.net\\\/?page_id=1613#breadcrumb\"},\"inLanguage\":\"tr\",\"potentialAction\":[{\"@type\":\"ReadAction\",\"target\":[\"https:\\\/\\\/ronicy.net\\\/?page_id=1613\"]}]},{\"@type\":\"BreadcrumbList\",\"@id\":\"https:\\\/\\\/ronicy.net\\\/?page_id=1613#breadcrumb\",\"itemListElement\":[{\"@type\":\"ListItem\",\"position\":1,\"name\":\"Anasayfa\",\"item\":\"https:\\\/\\\/ronicy.net\\\/\"},{\"@type\":\"ListItem\",\"position\":2,\"name\":\"\u0130letisim\"}]},{\"@type\":\"WebSite\",\"@id\":\"https:\\\/\\\/ronicy.net\\\/#website\",\"url\":\"https:\\\/\\\/ronicy.net\\\/\",\"name\":\"Kozmetik Ambalaj \u00c7\u00f6z\u00fcmleri | Ronicy Premium Pack\",\"description\":\"Premium Segment Ambalaj \u00c7\u00f6z\u00fcmleri\",\"publisher\":{\"@id\":\"https:\\\/\\\/ronicy.net\\\/#organization\"},\"potentialAction\":[{\"@type\":\"SearchAction\",\"target\":{\"@type\":\"EntryPoint\",\"urlTemplate\":\"https:\\\/\\\/ronicy.net\\\/?s={search_term_string}\"},\"query-input\":{\"@type\":\"PropertyValueSpecification\",\"valueRequired\":true,\"valueName\":\"search_term_string\"}}],\"inLanguage\":\"tr\"},{\"@type\":\"Organization\",\"@id\":\"https:\\\/\\\/ronicy.net\\\/#organization\",\"name\":\"Ronicy Premium Pack\",\"url\":\"https:\\\/\\\/ronicy.net\\\/\",\"logo\":{\"@type\":\"ImageObject\",\"inLanguage\":\"tr\",\"@id\":\"https:\\\/\\\/ronicy.net\\\/#\\\/schema\\\/logo\\\/image\\\/\",\"url\":\"https:\\\/\\\/ronicy.net\\\/wp-content\\\/uploads\\\/2025\\\/10\\\/Ronicy-Logoo.jpg\",\"contentUrl\":\"https:\\\/\\\/ronicy.net\\\/wp-content\\\/uploads\\\/2025\\\/10\\\/Ronicy-Logoo.jpg\",\"width\":1000,\"height\":400,\"caption\":\"Ronicy Premium Pack\"},\"image\":{\"@id\":\"https:\\\/\\\/ronicy.net\\\/#\\\/schema\\\/logo\\\/image\\\/\"},\"sameAs\":[\"https:\\\/\\\/www.instagram.com\\\/ronicy_pack\\\/\"]}]}<\/script>\n<!-- \/ Yoast SEO plugin. -->","yoast_head_json":{"title":"\u0130letisim - Ronicy","robots":{"index":"index","follow":"follow","max-snippet":"max-snippet:-1","max-image-preview":"max-image-preview:large","max-video-preview":"max-video-preview:-1"},"canonical":"https:\/\/ronicy.net\/?page_id=1613","og_locale":"tr_TR","og_type":"article","og_title":"\u0130letisim - Ronicy","og_description":"Ofislerimiz Adres \/ Merkez &#8211; HQ G\u00fcll\u00fc Ba\u011flar Mah. Mazhar Sok. No:27\/B Pendik &#8211; \u0130stanbul &#8211; T\u00fcrkiye+90 549 345 60 40+90 537 453 41 41 Pazartesi \u2013 Cuma : 9:00 \u2013 18:00Cumartesi : 09:00 \u2013 15:00 Adres 2 \/ \u00dcretim &#8211; Factory Tuzla Organize Sanayi B\u00f6lgesi+90 549 345 60 40 Pazartesi \u2013 Cuma : 9:00 [&hellip;]","og_url":"https:\/\/ronicy.net\/?page_id=1613","og_site_name":"Ronicy","article_modified_time":"2025-10-10T20:08:40+00:00","twitter_card":"summary_large_image","twitter_misc":{"Tahmini okuma s\u00fcresi":"1 dakika"},"schema":{"@context":"https:\/\/schema.org","@graph":[{"@type":"WebPage","@id":"https:\/\/ronicy.net\/?page_id=1613","url":"https:\/\/ronicy.net\/?page_id=1613","name":"\u0130letisim - Ronicy","isPartOf":{"@id":"https:\/\/ronicy.net\/#website"},"datePublished":"2015-02-03T11:49:09+00:00","dateModified":"2025-10-10T20:08:40+00:00","breadcrumb":{"@id":"https:\/\/ronicy.net\/?page_id=1613#breadcrumb"},"inLanguage":"tr","potentialAction":[{"@type":"ReadAction","target":["https:\/\/ronicy.net\/?page_id=1613"]}]},{"@type":"BreadcrumbList","@id":"https:\/\/ronicy.net\/?page_id=1613#breadcrumb","itemListElement":[{"@type":"ListItem","position":1,"name":"Anasayfa","item":"https:\/\/ronicy.net\/"},{"@type":"ListItem","position":2,"name":"\u0130letisim"}]},{"@type":"WebSite","@id":"https:\/\/ronicy.net\/#website","url":"https:\/\/ronicy.net\/","name":"Kozmetik Ambalaj \u00c7\u00f6z\u00fcmleri | Ronicy Premium Pack","description":"Premium Segment Ambalaj \u00c7\u00f6z\u00fcmleri","publisher":{"@id":"https:\/\/ronicy.net\/#organization"},"potentialAction":[{"@type":"SearchAction","target":{"@type":"EntryPoint","urlTemplate":"https:\/\/ronicy.net\/?s={search_term_string}"},"query-input":{"@type":"PropertyValueSpecification","valueRequired":true,"valueName":"search_term_string"}}],"inLanguage":"tr"},{"@type":"Organization","@id":"https:\/\/ronicy.net\/#organization","name":"Ronicy Premium Pack","url":"https:\/\/ronicy.net\/","logo":{"@type":"ImageObject","inLanguage":"tr","@id":"https:\/\/ronicy.net\/#\/schema\/logo\/image\/","url":"https:\/\/ronicy.net\/wp-content\/uploads\/2025\/10\/Ronicy-Logoo.jpg","contentUrl":"https:\/\/ronicy.net\/wp-content\/uploads\/2025\/10\/Ronicy-Logoo.jpg","width":1000,"height":400,"caption":"Ronicy Premium Pack"},"image":{"@id":"https:\/\/ronicy.net\/#\/schema\/logo\/image\/"},"sameAs":["https:\/\/www.instagram.com\/ronicy_pack\/"]}]}},"_links":{"self":[{"href":"https:\/\/ronicy.net\/index.php?rest_route=\/wp\/v2\/pages\/1613","targetHints":{"allow":["GET"]}}],"collection":[{"href":"https:\/\/ronicy.net\/index.php?rest_route=\/wp\/v2\/pages"}],"about":[{"href":"https:\/\/ronicy.net\/index.php?rest_route=\/wp\/v2\/types\/page"}],"author":[{"embeddable":true,"href":"https:\/\/ronicy.net\/index.php?rest_route=\/wp\/v2\/users\/1"}],"replies":[{"embeddable":true,"href":"https:\/\/ronicy.net\/index.php?rest_route=%2Fwp%2Fv2%2Fcomments&post=1613"}],"version-history":[{"count":14,"href":"https:\/\/ronicy.net\/index.php?rest_route=\/wp\/v2\/pages\/1613\/revisions"}],"predecessor-version":[{"id":19842,"href":"https:\/\/ronicy.net\/index.php?rest_route=\/wp\/v2\/pages\/1613\/revisions\/19842"}],"wp:attachment":[{"href":"https:\/\/ronicy.net\/index.php?rest_route=%2Fwp%2Fv2%2Fmedia&parent=1613"}],"curies":[{"name":"wp","href":"https:\/\/api.w.org\/{rel}","templated":true}]}}